{"id":33768,"date":"2023-12-12T11:18:09","date_gmt":"2023-12-12T11:18:09","guid":{"rendered":"https:\/\/realestate.petramresort.com\/cookie-policy\/"},"modified":"2025-12-18T14:03:10","modified_gmt":"2025-12-18T14:03:10","slug":"cookie-policy","status":"publish","type":"page","link":"https:\/\/realestate.petramresort.com\/cs\/cookie-policy\/","title":{"rendered":"Z\u00e1sady pou\u017e\u00edv\u00e1n\u00ed soubor\u016f cookie"},"content":{"rendered":"\t\t<div data-elementor-type=\"wp-page\" data-elementor-id=\"33768\" class=\"elementor elementor-33768 elementor-5915\" data-elementor-post-type=\"page\">\n\t\t\t\t<div class=\"elementor-element elementor-element-52ef5eff e-con-full header_fullwidth e-flex e-con e-parent\" data-id=\"52ef5eff\" data-element_type=\"container\" data-settings=\"{&quot;background_background&quot;:&quot;classic&quot;}\">\n\t\t<div class=\"elementor-element elementor-element-776281bf e-con-full e-flex e-con e-child\" data-id=\"776281bf\" data-element_type=\"container\">\n\t\t\t\t<div data-parallax=\"true\" data-parallax-options=\"{&quot;ease&quot;:[&quot;linear&quot;],&quot;start&quot;:&quot;center center&quot;,&quot;end&quot;:&quot;bottom+=0px top&quot;}\" data-parallax-from=\"{&quot;y&quot;:&quot;0px&quot;,&quot;transformOrigin&quot;:&quot;50% 50% 0px&quot;}\" data-parallax-to=\"{&quot;y&quot;:&quot;-60px&quot;,&quot;transformOrigin&quot;:&quot;50% 50% 0px&quot;}\" data-custom-animations=\"true\" data-ca-options=\"{&quot;addChildTimelines&quot;:false,&quot;trigger&quot;:&quot;firstChild&quot;,&quot;animationTarget&quot;:&quot;.lqd-split-lines .lqd-lines .split-inner, .lqd-adv-txt-fig&quot;,&quot;duration&quot;:300,&quot;delay&quot;:40,&quot;ease&quot;:[&quot;power4.out&quot;],&quot;initValues&quot;:{&quot;x&quot;:&quot;-20px&quot;,&quot;rotationX&quot;:10,&quot;opacity&quot;:0,&quot;transformOrigin&quot;:&quot;50% 50% 0px&quot;},&quot;animations&quot;:{&quot;x&quot;:&quot;0px&quot;,&quot;rotationX&quot;:0,&quot;opacity&quot;:1,&quot;transformOrigin&quot;:&quot;50% 50% 0px&quot;}}\" class=\"elementor-element elementor-element-573e83a8 elementor-widget elementor-widget-hub_fancy_heading lqd-el-has-inner-anim\" data-id=\"573e83a8\" data-element_type=\"widget\" data-settings=\"{&quot;enable_split&quot;:&quot;true&quot;,&quot;split_type&quot;:&quot;lines&quot;}\" data-widget_type=\"hub_fancy_heading.default\">\n\t\t\t\t<div class=\"elementor-widget-container\">\n\t\t\t\t\t\n\t\t<div id=\"ld-fancy-heading-69d29e6f103e3\" class=\"ld-fancy-heading pos-rel\">\n\t\t\t<h2 class=\"ld-fh-element d-inline-block pos-rel  elementor-heading-title lqd-highlight-classic lqd-highlight-grow-left lqd-split-lines h2\"  data-split-text=\"true\" data-split-options='{\"type\":\"lines\"}'> Z\u00e1sady pou\u017e\u00edv\u00e1n\u00ed soubor\u016f cookie<\/h2>\t\t<\/div>\n\n\t\t\t\t\t\t<\/div>\n\t\t\t\t<\/div>\n\t\t\t\t<\/div>\n\t\t\t\t<\/div>\n\t\t<div class=\"elementor-element elementor-element-2b12fa9 e-flex e-con-boxed e-con e-parent\" data-id=\"2b12fa9\" data-element_type=\"container\">\n\t\t\t\t\t<div class=\"e-con-inner\">\n\t\t\t\t<div class=\"elementor-element elementor-element-89a9160 elementor-widget elementor-widget-html\" data-id=\"89a9160\" data-element_type=\"widget\" data-widget_type=\"html.default\">\n\t\t\t\t<div class=\"elementor-widget-container\">\n\t\t\t\t\t<script type=\"text\/javascript\" charset=\"UTF-8\"  data-cookiescriptreport=\"report\" src=\"\/\/report.cookie-script.com\/r\/4f68395c23804ea62cb6a047e2655b16.js\"><\/script>\t\t\t\t<\/div>\n\t\t\t\t<\/div>\n\t\t\t\t\t<\/div>\n\t\t\t\t<\/div>\n\t\t\t\t<\/div>\n\t\t","protected":false},"excerpt":{"rendered":"<p>Z\u00e1sady pou\u017e\u00edv\u00e1n\u00ed soubor\u016f cookie<\/p>\n","protected":false},"author":1,"featured_media":0,"parent":0,"menu_order":0,"comment_status":"closed","ping_status":"closed","template":"","meta":{"_acf_changed":false,"footnotes":""},"class_list":["post-33768","page","type-page","status-publish","hentry"],"acf":[],"yoast_head":"<!-- This site is optimized with the Yoast SEO plugin v26.8 - https:\/\/yoast.com\/product\/yoast-seo-wordpress\/ -->\n<title>Z\u00e1sady pou\u017e\u00edv\u00e1n\u00ed soubor\u016f cookie - Petram Real Estate<\/title>\n<meta name=\"description\" content=\"This website uses cookies. We use cookies to personalise content and ads, to provide social media features and to analyse our traffic.\" \/>\n<meta name=\"robots\" content=\"index, follow, max-snippet:-1, max-image-preview:large, max-video-preview:-1\" \/>\n<link rel=\"canonical\" href=\"https:\/\/realestate.petramresort.com\/cookie-policy\/\" \/>\n<meta property=\"og:locale\" content=\"cs_CZ\" \/>\n<meta property=\"og:type\" content=\"article\" \/>\n<meta property=\"og:title\" content=\"Z\u00e1sady pou\u017e\u00edv\u00e1n\u00ed soubor\u016f cookie - Petram Real Estate\" \/>\n<meta property=\"og:description\" content=\"This website uses cookies. We use cookies to personalise content and ads, to provide social media features and to analyse our traffic.\" \/>\n<meta property=\"og:url\" content=\"https:\/\/realestate.petramresort.com\/cookie-policy\/\" \/>\n<meta property=\"og:site_name\" content=\"Petram Real Estate\" \/>\n<meta property=\"article:modified_time\" content=\"2025-12-18T14:03:10+00:00\" \/>\n<meta name=\"twitter:card\" content=\"summary_large_image\" \/>\n<meta name=\"twitter:label1\" content=\"Odhadovan\u00e1 doba \u010dten\u00ed\" \/>\n\t<meta name=\"twitter:data1\" content=\"3 minuty\" \/>\n<script type=\"application\/ld+json\" class=\"yoast-schema-graph\">{\"@context\":\"https:\/\/schema.org\",\"@graph\":[{\"@type\":\"WebPage\",\"@id\":\"https:\/\/realestate.petramresort.com\/cookie-policy\/\",\"url\":\"https:\/\/realestate.petramresort.com\/cookie-policy\/\",\"name\":\"Z\u00e1sady pou\u017e\u00edv\u00e1n\u00ed soubor\u016f cookie - Petram Real Estate\",\"isPartOf\":{\"@id\":\"https:\/\/realestate.petramresort.com\/#website\"},\"datePublished\":\"2023-12-12T11:18:09+00:00\",\"dateModified\":\"2025-12-18T14:03:10+00:00\",\"description\":\"This website uses cookies. We use cookies to personalise content and ads, to provide social media features and to analyse our traffic.\",\"breadcrumb\":{\"@id\":\"https:\/\/realestate.petramresort.com\/cookie-policy\/#breadcrumb\"},\"inLanguage\":\"cs\",\"potentialAction\":[{\"@type\":\"ReadAction\",\"target\":[\"https:\/\/realestate.petramresort.com\/cookie-policy\/\"]}]},{\"@type\":\"BreadcrumbList\",\"@id\":\"https:\/\/realestate.petramresort.com\/cookie-policy\/#breadcrumb\",\"itemListElement\":[{\"@type\":\"ListItem\",\"position\":1,\"name\":\"Home\",\"item\":\"https:\/\/realestate.petramresort.com\/\"},{\"@type\":\"ListItem\",\"position\":2,\"name\":\"Z\u00e1sady pou\u017e\u00edv\u00e1n\u00ed soubor\u016f cookie\"}]},{\"@type\":\"WebSite\",\"@id\":\"https:\/\/realestate.petramresort.com\/#website\",\"url\":\"https:\/\/realestate.petramresort.com\/\",\"name\":\"Petram Real Estate\",\"description\":\"\",\"publisher\":{\"@id\":\"https:\/\/realestate.petramresort.com\/#organization\"},\"potentialAction\":[{\"@type\":\"SearchAction\",\"target\":{\"@type\":\"EntryPoint\",\"urlTemplate\":\"https:\/\/realestate.petramresort.com\/?s={search_term_string}\"},\"query-input\":{\"@type\":\"PropertyValueSpecification\",\"valueRequired\":true,\"valueName\":\"search_term_string\"}}],\"inLanguage\":\"cs\"},{\"@type\":\"Organization\",\"@id\":\"https:\/\/realestate.petramresort.com\/#organization\",\"name\":\"Petram Resort & Residences\",\"url\":\"https:\/\/realestate.petramresort.com\/\",\"logo\":{\"@type\":\"ImageObject\",\"inLanguage\":\"cs\",\"@id\":\"https:\/\/realestate.petramresort.com\/#\/schema\/logo\/image\/\",\"url\":\"https:\/\/realestate.petramresort.com\/wp-content\/uploads\/2023\/12\/Petram-logo.svg\",\"contentUrl\":\"https:\/\/realestate.petramresort.com\/wp-content\/uploads\/2023\/12\/Petram-logo.svg\",\"width\":1144,\"height\":447,\"caption\":\"Petram Resort & Residences\"},\"image\":{\"@id\":\"https:\/\/realestate.petramresort.com\/#\/schema\/logo\/image\/\"}}]}<\/script>\n<!-- \/ Yoast SEO plugin. -->","yoast_head_json":{"title":"Z\u00e1sady pou\u017e\u00edv\u00e1n\u00ed soubor\u016f cookie - Petram Real Estate","description":"This website uses cookies. We use cookies to personalise content and ads, to provide social media features and to analyse our traffic.","robots":{"index":"index","follow":"follow","max-snippet":"max-snippet:-1","max-image-preview":"max-image-preview:large","max-video-preview":"max-video-preview:-1"},"canonical":"https:\/\/realestate.petramresort.com\/cookie-policy\/","og_locale":"cs_CZ","og_type":"article","og_title":"Z\u00e1sady pou\u017e\u00edv\u00e1n\u00ed soubor\u016f cookie - Petram Real Estate","og_description":"This website uses cookies. We use cookies to personalise content and ads, to provide social media features and to analyse our traffic.","og_url":"https:\/\/realestate.petramresort.com\/cookie-policy\/","og_site_name":"Petram Real Estate","article_modified_time":"2025-12-18T14:03:10+00:00","twitter_card":"summary_large_image","twitter_misc":{"Odhadovan\u00e1 doba \u010dten\u00ed":"3 minuty"},"schema":{"@context":"https:\/\/schema.org","@graph":[{"@type":"WebPage","@id":"https:\/\/realestate.petramresort.com\/cookie-policy\/","url":"https:\/\/realestate.petramresort.com\/cookie-policy\/","name":"Z\u00e1sady pou\u017e\u00edv\u00e1n\u00ed soubor\u016f cookie - Petram Real Estate","isPartOf":{"@id":"https:\/\/realestate.petramresort.com\/#website"},"datePublished":"2023-12-12T11:18:09+00:00","dateModified":"2025-12-18T14:03:10+00:00","description":"This website uses cookies. We use cookies to personalise content and ads, to provide social media features and to analyse our traffic.","breadcrumb":{"@id":"https:\/\/realestate.petramresort.com\/cookie-policy\/#breadcrumb"},"inLanguage":"cs","potentialAction":[{"@type":"ReadAction","target":["https:\/\/realestate.petramresort.com\/cookie-policy\/"]}]},{"@type":"BreadcrumbList","@id":"https:\/\/realestate.petramresort.com\/cookie-policy\/#breadcrumb","itemListElement":[{"@type":"ListItem","position":1,"name":"Home","item":"https:\/\/realestate.petramresort.com\/"},{"@type":"ListItem","position":2,"name":"Z\u00e1sady pou\u017e\u00edv\u00e1n\u00ed soubor\u016f cookie"}]},{"@type":"WebSite","@id":"https:\/\/realestate.petramresort.com\/#website","url":"https:\/\/realestate.petramresort.com\/","name":"Petram Real Estate","description":"","publisher":{"@id":"https:\/\/realestate.petramresort.com\/#organization"},"potentialAction":[{"@type":"SearchAction","target":{"@type":"EntryPoint","urlTemplate":"https:\/\/realestate.petramresort.com\/?s={search_term_string}"},"query-input":{"@type":"PropertyValueSpecification","valueRequired":true,"valueName":"search_term_string"}}],"inLanguage":"cs"},{"@type":"Organization","@id":"https:\/\/realestate.petramresort.com\/#organization","name":"Petram Resort & Residences","url":"https:\/\/realestate.petramresort.com\/","logo":{"@type":"ImageObject","inLanguage":"cs","@id":"https:\/\/realestate.petramresort.com\/#\/schema\/logo\/image\/","url":"https:\/\/realestate.petramresort.com\/wp-content\/uploads\/2023\/12\/Petram-logo.svg","contentUrl":"https:\/\/realestate.petramresort.com\/wp-content\/uploads\/2023\/12\/Petram-logo.svg","width":1144,"height":447,"caption":"Petram Resort & Residences"},"image":{"@id":"https:\/\/realestate.petramresort.com\/#\/schema\/logo\/image\/"}}]}},"_links":{"self":[{"href":"https:\/\/realestate.petramresort.com\/cs\/wp-json\/wp\/v2\/pages\/33768","targetHints":{"allow":["GET"]}}],"collection":[{"href":"https:\/\/realestate.petramresort.com\/cs\/wp-json\/wp\/v2\/pages"}],"about":[{"href":"https:\/\/realestate.petramresort.com\/cs\/wp-json\/wp\/v2\/types\/page"}],"author":[{"embeddable":true,"href":"https:\/\/realestate.petramresort.com\/cs\/wp-json\/wp\/v2\/users\/1"}],"replies":[{"embeddable":true,"href":"https:\/\/realestate.petramresort.com\/cs\/wp-json\/wp\/v2\/comments?post=33768"}],"version-history":[{"count":4,"href":"https:\/\/realestate.petramresort.com\/cs\/wp-json\/wp\/v2\/pages\/33768\/revisions"}],"predecessor-version":[{"id":33796,"href":"https:\/\/realestate.petramresort.com\/cs\/wp-json\/wp\/v2\/pages\/33768\/revisions\/33796"}],"wp:attachment":[{"href":"https:\/\/realestate.petramresort.com\/cs\/wp-json\/wp\/v2\/media?parent=33768"}],"curies":[{"name":"wp","href":"https:\/\/api.w.org\/{rel}","templated":true}]}}