{"id":33872,"date":"2023-12-12T11:17:44","date_gmt":"2023-12-12T11:17:44","guid":{"rendered":"https:\/\/realestate.petramresort.com\/terms-conditions\/"},"modified":"2025-12-19T08:10:23","modified_gmt":"2025-12-19T08:10:23","slug":"terms-conditions","status":"publish","type":"page","link":"https:\/\/realestate.petramresort.com\/cs\/terms-conditions\/","title":{"rendered":"Podm\u00ednky pou\u017eit\u00ed"},"content":{"rendered":"\t\t<div data-elementor-type=\"wp-page\" data-elementor-id=\"33872\" class=\"elementor elementor-33872 elementor-5913\" data-elementor-post-type=\"page\">\n\t\t\t\t<div class=\"elementor-element elementor-element-7927fe91 e-con-full header_fullwidth e-flex e-con e-parent\" data-id=\"7927fe91\" data-element_type=\"container\" data-settings=\"{&quot;background_background&quot;:&quot;classic&quot;}\">\n\t\t<div class=\"elementor-element elementor-element-7a21a829 e-con-full e-flex e-con e-child\" data-id=\"7a21a829\" data-element_type=\"container\">\n\t\t\t\t<div data-parallax=\"true\" data-parallax-options=\"{&quot;ease&quot;:[&quot;linear&quot;],&quot;start&quot;:&quot;center center&quot;,&quot;end&quot;:&quot;bottom+=0px top&quot;}\" data-parallax-from=\"{&quot;y&quot;:&quot;0px&quot;,&quot;transformOrigin&quot;:&quot;50% 50% 0px&quot;}\" data-parallax-to=\"{&quot;y&quot;:&quot;-60px&quot;,&quot;transformOrigin&quot;:&quot;50% 50% 0px&quot;}\" data-custom-animations=\"true\" data-ca-options=\"{&quot;addChildTimelines&quot;:false,&quot;trigger&quot;:&quot;firstChild&quot;,&quot;animationTarget&quot;:&quot;.lqd-split-lines .lqd-lines .split-inner, .lqd-adv-txt-fig&quot;,&quot;duration&quot;:300,&quot;delay&quot;:40,&quot;ease&quot;:[&quot;power4.out&quot;],&quot;initValues&quot;:{&quot;x&quot;:&quot;-20px&quot;,&quot;rotationX&quot;:10,&quot;opacity&quot;:0,&quot;transformOrigin&quot;:&quot;50% 50% 0px&quot;},&quot;animations&quot;:{&quot;x&quot;:&quot;0px&quot;,&quot;rotationX&quot;:0,&quot;opacity&quot;:1,&quot;transformOrigin&quot;:&quot;50% 50% 0px&quot;}}\" class=\"elementor-element elementor-element-2a14d961 elementor-widget elementor-widget-hub_fancy_heading lqd-el-has-inner-anim\" data-id=\"2a14d961\" data-element_type=\"widget\" data-settings=\"{&quot;enable_split&quot;:&quot;true&quot;,&quot;split_type&quot;:&quot;lines&quot;}\" data-widget_type=\"hub_fancy_heading.default\">\n\t\t\t\t<div class=\"elementor-widget-container\">\n\t\t\t\t\t\n\t\t<div id=\"ld-fancy-heading-69e31bceb7266\" class=\"ld-fancy-heading pos-rel\">\n\t\t\t<h2 class=\"ld-fh-element d-inline-block pos-rel  elementor-heading-title lqd-highlight-classic lqd-highlight-grow-left lqd-split-lines h2\"  data-split-text=\"true\" data-split-options='{\"type\":\"lines\"}'> Podm\u00ednky pou\u017eit\u00ed<\/h2>\t\t<\/div>\n\n\t\t\t\t\t\t<\/div>\n\t\t\t\t<\/div>\n\t\t\t\t<\/div>\n\t\t\t\t<\/div>\n\t\t<div class=\"elementor-element elementor-element-ea90b4e e-flex e-con-boxed e-con e-parent\" data-id=\"ea90b4e\" data-element_type=\"container\">\n\t\t\t\t\t<div class=\"e-con-inner\">\n\t\t\t\t<div class=\"elementor-element elementor-element-f44d8d2 elementor-widget elementor-widget-text-editor\" data-id=\"f44d8d2\" data-element_type=\"widget\" data-widget_type=\"text-editor.default\">\n\t\t\t\t<div class=\"elementor-widget-container\">\n\t\t\t\t\t\t\t\t\t<p>\u010cISTA VODA PROJEKT d.o.o., Savudrija, Alberi 300, OIB: 10116776883, jako spr\u00e1vce objekt\u016f souhrnn\u011b ozna\u010dovan\u00fdch jako PETRAM RESORT &amp; RESIDENCES (spr\u00e1vce a objekty d\u00e1le spole\u010dn\u011b jen \u201ePETRAM RESORT &amp; RESIDENCES\u201c), db\u00e1 na ochranu a respektov\u00e1n\u00ed Va\u0161eho soukrom\u00ed. Va\u0161e osobn\u00ed \u00fadaje budeme pou\u017e\u00edvat pouze k poskytov\u00e1n\u00ed produkt\u016f a slu\u017eeb, kter\u00e9 jste si vy\u017e\u00e1dali.<\/p><p>PETRAM RESORT &amp; RESIDENCES zp\u0159\u00edstup\u0148uje informace a slu\u017eby na webov\u00e9 str\u00e1nce <a href=\"http:\/\/www.petramresort.com\">www.petramresort.com<\/a> (d\u00e1le jen \u201eWebov\u00e1 str\u00e1nka\u201c) za podm\u00ednek uveden\u00fdch n\u00ed\u017ee. Vstup na tuto webovou str\u00e1nku a jak\u00e9koli jej\u00ed pou\u017e\u00edv\u00e1n\u00ed znamen\u00e1 v\u00fdslovn\u00e9 a bezv\u00fdhradn\u00e9 p\u0159ijet\u00ed t\u011bchto podm\u00ednek.<\/p><p>Pokud s t\u011bmito podm\u00ednkami nesouhlas\u00edte, Webovou str\u00e1nku nepou\u017e\u00edvejte.<\/p><p>PETRAM RESORT &amp; RESIDENCES si vyhrazuje pr\u00e1vo kdykoli dle vlastn\u00edho uv\u00e1\u017een\u00ed zm\u011bnit, upravit, doplnit nebo odstranit kteroukoli z t\u011bchto podm\u00ednek nebo jakoukoli informaci uvedenou na Webov\u00e9 str\u00e1nce bez p\u0159edchoz\u00edho upozorn\u011bn\u00ed. Nen\u00ed\u2011li uvedeno jinak, nab\u00fdvaj\u00ed tyto zm\u011bny \u00fa\u010dinnosti okam\u017eikem jejich zve\u0159ejn\u011bn\u00ed na Webov\u00e9 str\u00e1nce. Proto V\u00e1s \u017e\u00e1d\u00e1me, abyste Webovou str\u00e1nku ob\u010dasn\u011b zkontrolovali, zda nedo\u0161lo ke zm\u011bn\u00e1m. Dal\u0161\u00edm pou\u017e\u00edv\u00e1n\u00edm Webov\u00e9 str\u00e1nky vyjad\u0159ujete souhlas s revidovan\u00fdmi podm\u00ednkami.<\/p><p><strong>OBSAH WEBOV\u00c9 STR\u00c1NKY<\/strong><\/p><p>Informace, kter\u00e9 PETRAM RESORT &amp; RESIDENCES zve\u0159ej\u0148uje na Webov\u00e9 str\u00e1nce, se v okam\u017eiku jejich vlo\u017een\u00ed pova\u017euj\u00ed za spr\u00e1vn\u00e9 a spolehliv\u00e9.<\/p><p>PETRAM RESORT &amp; RESIDENCES v\u0161ak upozor\u0148uje, \u017ee v dob\u011b va\u0161eho p\u0159\u00edstupu k t\u011bmto str\u00e1nk\u00e1m m\u016f\u017ee doj\u00edt k odchylk\u00e1m, pokud jde o p\u0159esnost, pravdivost nebo spolehlivost n\u011bkter\u00fdch \u00fadaj\u016f.<\/p><p>Informace dostupn\u00e9 na str\u00e1nk\u00e1ch nelze pova\u017eovat za z\u00e1klad pro p\u0159ij\u00edm\u00e1n\u00ed d\u016fle\u017eit\u00fdch osobn\u00edch nebo obchodn\u00edch rozhodnut\u00ed, a pou\u017e\u00edv\u00e1n\u00edm Webov\u00e9 str\u00e1nky berete na v\u011bdom\u00ed, \u017ee PETRAM RESORT &amp; RESIDENCES neodpov\u00edd\u00e1 za p\u0159\u00edpadn\u00e9 nenapln\u011bn\u00ed Va\u0161ich o\u010dek\u00e1v\u00e1n\u00ed.<\/p><p>PETRAM RESORT &amp; RESIDENCES m\u016f\u017ee kdykoli bez p\u0159edchoz\u00edho ozn\u00e1men\u00ed aktualizovat nebo zm\u011bnit \u00fadaje na t\u011bchto str\u00e1nk\u00e1ch.<\/p><p>PETRAM RESORT &amp; RESIDENCES se z\u0159\u00edk\u00e1 jak\u00e9koli odpov\u011bdnosti, kter\u00e1 m\u016f\u017ee jak\u00fdmkoli zp\u016fsobem vzniknout v souvislosti s pou\u017e\u00edv\u00e1n\u00edm t\u00e9to Webov\u00e9 str\u00e1nky, s jedn\u00e1n\u00edm u\u017eivatel\u016f p\u0159i pou\u017e\u00edv\u00e1n\u00ed \u010di zneu\u017eit\u00ed jej\u00edho obsahu a za jakoukoli \u0161kodu, kter\u00e1 m\u016f\u017ee u\u017eivateli nebo t\u0159et\u00edm osob\u00e1m vzniknout v souvislosti s pou\u017e\u00edv\u00e1n\u00edm nebo zneu\u017eit\u00edm obsahu t\u00e9to Webov\u00e9 str\u00e1nky.<\/p><p><strong>SLU\u017dBA REZERVACE<\/strong><\/p><p>Slu\u017eby rezervace prost\u0159ednictv\u00edm Webov\u00e9 str\u00e1nky jsou dostupn\u00e9 pouze osob\u00e1m plnolet\u00fdm a zp\u016fsobil\u00fdm uzav\u00edrat pr\u00e1vn\u011b z\u00e1vazn\u00e9 smlouvy podle platn\u00e9ho pr\u00e1va.<\/p><p>Pou\u017e\u00edv\u00e1n\u00edm Webov\u00e9 str\u00e1nky prohla\u0161ujete, \u017ee jste opr\u00e1vn\u011bni prov\u00e1d\u011bt rezervace pro sebe nebo pro jinou osobu, za kterou jste opr\u00e1vn\u011bni jednat. Souhlas\u00edte s t\u00edm, \u017ee ponesete finan\u010dn\u00ed odpov\u011bdnost za rezervace, kter\u00e9 provedete prost\u0159ednictv\u00edm Webov\u00e9 str\u00e1nky. Z\u00e1rove\u0148 proveden\u00edm rezervace potvrzujete, \u017ee v\u0161echny informace, kter\u00e9 jste uvedli p\u0159i pou\u017e\u00edv\u00e1n\u00ed Webov\u00e9 str\u00e1nky, jsou pravdiv\u00e9 a spr\u00e1vn\u00e9.<\/p><p><strong>NEOPR\u00c1VN\u011aN\u00c9 A ZAK\u00c1ZAN\u00c9 JEDN\u00c1N\u00cd<\/strong><\/p><p>Webovou str\u00e1nku nesm\u00edte pou\u017e\u00edvat k \u017e\u00e1dn\u00e9mu nez\u00e1konn\u00e9mu nebo neopr\u00e1vn\u011bn\u00e9mu \u00fa\u010delu a za p\u0159\u00edpadn\u00e9 n\u00e1sledky takov\u00e9ho pou\u017eit\u00ed nesete v\u00fdhradn\u00ed odpov\u011bdnost.<\/p><p>Zak\u00e1zan\u00e9 jedn\u00e1n\u00ed zahrnuje mimo jin\u00e9:<\/p><p>\u00b7 pou\u017e\u00edv\u00e1n\u00ed jak\u00e9hokoli za\u0159\u00edzen\u00ed, softwaru nebo postupu ke sledov\u00e1n\u00ed, kop\u00edrov\u00e1n\u00ed, naru\u0161ov\u00e1n\u00ed, \u00faprav\u011b, po\u0161kozen\u00ed, omezen\u00ed \u010di neopr\u00e1vn\u011bn\u00e9 zm\u011bn\u011b nebo pokusu o naru\u0161en\u00ed Webov\u00e9 str\u00e1nky, jej\u00edho obsahu nebo fungov\u00e1n\u00ed bez p\u0159edchoz\u00edho p\u00edsemn\u00e9ho souhlasu PETRAM RESORT &amp; RESIDENCES;<\/p><p>\u00b7 pou\u017e\u00edv\u00e1n\u00ed jak\u00e9hokoli robota, \u201espideru\u201c, automatick\u00e9ho za\u0159\u00edzen\u00ed nebo automatick\u00e9ho \u010di ru\u010dn\u00edho postupu ke sledov\u00e1n\u00ed nebo kop\u00edrov\u00e1n\u00ed Webov\u00e9 str\u00e1nky nebo jak\u00fdchkoli informac\u00ed na n\u00ed obsa\u017een\u00fdch bez p\u0159edchoz\u00edho p\u00edsemn\u00e9ho souhlasu PETRAM RESORT &amp; RESIDENCES;<\/p><p>\u00b7 pou\u017e\u00edv\u00e1n\u00ed po\u010d\u00edta\u010dov\u00fdch vir\u016f, \u201e\u010derv\u016f\u201c, \u201e\u010dasovan\u00fdch bomb\u201c a\/nebo jin\u00fdch rutin po\u010d\u00edta\u010dov\u00e9ho programov\u00e1n\u00ed, kter\u00e9 po\u0161kozuj\u00ed, zachycuj\u00ed, naru\u0161uj\u00ed nebo jinak negativn\u011b ovliv\u0148uj\u00ed (nebo jsou k tomu ur\u010deny) \u0159\u00e1dn\u00e9 fungov\u00e1n\u00ed Webov\u00e9 str\u00e1nky;<\/p><p>\u00b7 pou\u017e\u00edv\u00e1n\u00ed Webov\u00e9 str\u00e1nky jak\u00fdmkoli v\u00fdhru\u017en\u00fdm, pomlouva\u010dn\u00fdm, obsc\u00e9nn\u00edm, pornografick\u00fdm, diskrimina\u010dn\u00edm \u010di jin\u00fdm ur\u00e1\u017eliv\u00fdm zp\u016fsobem;<\/p><p>\u00b7 ve\u0161ker\u00fd obsah zve\u0159ejn\u011bn\u00fd na Webov\u00e9 str\u00e1nce nesm\u00ed b\u00fdt \u0161\u00ed\u0159en ani \u017e\u00e1dn\u00fdm zp\u016fsobem pou\u017e\u00edv\u00e1n ke komer\u010dn\u00edm \u00fa\u010del\u016fm bez v\u00fdslovn\u00e9ho p\u00edsemn\u00e9ho souhlasu PETRAM RESORT &amp; RESIDENCES ani jak\u00fdmkoli zp\u016fsobem, kter\u00fd by mohl zp\u016fsobit \u0161kodu spole\u010dnosti PETRAM RESORT &amp; RESIDENCES nebo jak\u00e9koli t\u0159et\u00ed stran\u011b.<\/p><p>\u00b7pou\u017e\u00edv\u00e1n\u00ed dokument\u016f, \u00fadaj\u016f, fotografi\u00ed a informac\u00ed zve\u0159ejn\u011bn\u00fdch na Webov\u00e9 str\u00e1nce jinak ne\u017e pro osobn\u00ed pot\u0159ebu u\u017eivatele a v rozporu s autorsk\u00fdmi a souvisej\u00edc\u00edmi pr\u00e1vy \u010di pr\u00e1vy t\u0159et\u00edch osob podle pr\u00e1vn\u00edch p\u0159edpis\u016f Chorvatsk\u00e9 republiky;<\/p><p>\u00b7 Je zak\u00e1z\u00e1na reprodukce, kop\u00edrov\u00e1n\u00ed nebo distribuce designu nebo podkladu str\u00e1nek PETRAM RESORT &amp; RESIDENCES, jednotliv\u00fdch prvk\u016f str\u00e1nek a designu loga bez v\u00fdslovn\u00e9ho p\u00edsemn\u00e9ho souhlasu PETRAM RESORT &amp; RESIDENCES. Nen\u00ed\u2011li dohodnuto jinak, dokumenty, \u00fadaje a informace zve\u0159ejn\u011bn\u00e9 na Webov\u00fdch str\u00e1nk\u00e1ch lze pou\u017e\u00edvat pouze pro osobn\u00ed pot\u0159ebu p\u0159i respektov\u00e1n\u00ed v\u0161ech autorsk\u00fdch a vlastnick\u00fdch pr\u00e1v a pr\u00e1v t\u0159et\u00edch osob.<\/p><p>\u00b7 \u00fa\u010dast na jak\u00e9mkoli jedn\u00e1n\u00ed, kter\u00e9 poru\u0161uje jak\u00fdkoli platn\u00fd pr\u00e1vn\u00ed p\u0159edpis.<\/p><p><strong>DU\u0160EVN\u00cd VLASTNICTV\u00cd<\/strong><\/p><p>Ve\u0161ker\u00e1 autorsk\u00e1 pr\u00e1va a dal\u0161\u00ed pr\u00e1va du\u0161evn\u00edho vlastnictv\u00ed ke v\u0161em text\u016fm, obr\u00e1zk\u016fm, zvuku, softwaru a dal\u0161\u00edm materi\u00e1l\u016fm obsa\u017een\u00fdm na Webov\u00e9 str\u00e1nce jsou ve vlastnictv\u00ed PETRAM RESORT &amp; RESIDENCES nebo jsou zahrnuta \u010di pou\u017eita na z\u00e1klad\u011b svolen\u00ed jejich vlastn\u00edk\u016f \u010di nositel\u016f pr\u00e1v. Nesm\u00edte kop\u00edrovat, reprodukovat, m\u011bnit, ve\u0159ejn\u011b zp\u0159\u00edstup\u0148ovat, upravovat ani roz\u0161i\u0159ovat jak\u00fdmkoli zp\u016fsobem a v jak\u00e9koli form\u011b cel\u00fd ani jakoukoli \u010d\u00e1st materi\u00e1l\u016f um\u00edst\u011bn\u00fdch na Webov\u00e9 str\u00e1nce, pokud k tomu PETRAM RESORT &amp; RESIDENCES nebo p\u0159\u00edpadn\u011b p\u0159\u00edslu\u0161n\u00fd nositel pr\u00e1v p\u0159edem neposkytl sv\u016fj v\u00fdslovn\u00fd p\u00edsemn\u00fd souhlas.<\/p><p>POLITIKA OCHRANY SOUKROM\u00cd<\/p><p>Pro \u00fapln\u00e9 zn\u011bn\u00ed politiky ochrany soukrom\u00ed PETRAM RESORT &amp; RESIDENCES klikn\u011bte <a href=\"\/cs\/privacy-policy\/\">zde<\/a>.<\/p><p>POLITIKA SOUBOR\u016e COOKIE<\/p><p>Na na\u0161ich webov\u00fdch str\u00e1nk\u00e1ch se pou\u017e\u00edvaj\u00ed takzvan\u00e9 soubory cookie \u2013 textov\u00e9 soubory, kter\u00e9 jsou do po\u010d\u00edta\u010de u\u017eivatele ukl\u00e1d\u00e1ny internetov\u00fdm serverem, prost\u0159ednictv\u00edm n\u011bho\u017e poskytovatel p\u0159ipojen\u00ed k internetu (ISP) zobrazuje Webov\u00e9 str\u00e1nky.<\/p><p>Cookies vznikaj\u00ed, kdy\u017e prohl\u00ed\u017ee\u010d v za\u0159\u00edzen\u00ed u\u017eivatele na\u010dte nav\u0161t\u00edvenou webovou str\u00e1nku, kter\u00e1 potom ode\u0161le data prohl\u00ed\u017ee\u010di a vytvo\u0159\u00ed textov\u00fd soubor (cookie). P\u0159i op\u011btovn\u00e9 n\u00e1v\u0161t\u011bv\u011b str\u00e1nky prohl\u00ed\u017ee\u010d tento cookie na\u010dte a ode\u0161le zp\u011bt na server dan\u00e9 internetov\u00e9 str\u00e1nky.<\/p><p>V\u00edce informac\u00ed o souborech cookie najdete <a href=\"\/cs\/cookie-policy\/\">zde<\/a>.<\/p><p><strong>ROZHODN\u00c9 PR\u00c1VO<\/strong><\/p><p>T\u00edmto p\u0159ij\u00edm\u00e1te a pod\u0159izujete se chorvatsk\u00e9mu hmotn\u00e9mu pr\u00e1vu jako v\u00fdlu\u010dn\u011b rozhodn\u00e9mu pro v\u00fdklad, pou\u017eit\u00ed a pr\u00e1vn\u00ed \u00fa\u010dinky v\u0161ech opr\u00e1vn\u011bn\u00ed, vylou\u010den\u00ed a podm\u00ednek u\u017e\u00edv\u00e1n\u00ed t\u011bchto Webov\u00fdch str\u00e1nek. Pro ve\u0161ker\u00e9 p\u0159\u00edpadn\u00e9 n\u00e1roky a spory, kter\u00e9 vzniknou v d\u016fsledku pou\u017e\u00edv\u00e1n\u00ed t\u011bchto Webov\u00fdch str\u00e1nek nebo v souvislosti s nimi, jsou v\u00fdlu\u010dn\u011b p\u0159\u00edslu\u0161n\u00e9 soudy v Chorvatsk\u00e9 republice.<\/p><p>PETRAM RESORT &amp; RESIDENCES nezaru\u010duje, \u017ee materi\u00e1ly obsa\u017een\u00e9 na t\u011bchto str\u00e1nk\u00e1ch jsou vhodn\u00e9 nebo u\u017eivatelsky dostupn\u00e9 na ur\u010dit\u00fdch m\u00edstech, ani neodpov\u00edd\u00e1 za p\u0159\u00edstup k nim z \u00fazem\u00ed st\u00e1t\u016f, kde je jejich obsah zak\u00e1z\u00e1n. M\u00e1 se za to, \u017ee p\u0159\u00edstup na str\u00e1nky z t\u011bchto m\u00edst je uskute\u010dn\u011bn z vlastn\u00ed v\u016fle u\u017eivatele, kter\u00fd za to nese odpov\u011bdnost podle pou\u017eiteln\u00e9ho pr\u00e1va.<\/p><p><strong>PLATN\u00c1 Z\u00c1KONN\u00c1 USTANOVEN\u00cd<\/strong><\/p><p>Pokud by se n\u011bkter\u00e1 \u010d\u00e1st t\u011bchto podm\u00ednek na z\u00e1klad\u011b p\u0159\u00edslu\u0161n\u00fdch pr\u00e1vn\u00edch p\u0159edpis\u016f stala neplatnou, bude z podm\u00ednek vy\u0148ata, ani\u017e by to m\u011blo vliv na platnost zb\u00fdvaj\u00edc\u00edch ustanoven\u00ed. Zb\u00fdvaj\u00edc\u00ed podm\u00ednky z\u016fst\u00e1vaj\u00ed nad\u00e1le v platnosti a jsou vymahateln\u00e9.<\/p>\t\t\t\t\t\t\t\t<\/div>\n\t\t\t\t<\/div>\n\t\t\t\t\t<\/div>\n\t\t\t\t<\/div>\n\t\t<div class=\"elementor-element elementor-element-3b1d053 transp_el elementor-hidden-desktop elementor-hidden-tablet elementor-hidden-mobile e-flex e-con-boxed e-con e-parent\" data-id=\"3b1d053\" data-element_type=\"container\" data-settings=\"{&quot;background_background&quot;:&quot;classic&quot;}\">\n\t\t\t\t\t<div class=\"e-con-inner\">\n\t\t<div class=\"elementor-element elementor-element-d82a662 e-con-full e-flex e-con e-child\" data-id=\"d82a662\" data-element_type=\"container\" data-settings=\"{&quot;background_background&quot;:&quot;classic&quot;}\">\n\t\t\t\t<div data-custom-animations=\"true\" data-ca-options=\"{&quot;addChildTimelines&quot;:false,&quot;trigger&quot;:&quot;firstChild&quot;,&quot;animationTarget&quot;:&quot;:scope &gt; .elementor-widget-container&quot;,&quot;duration&quot;:200,&quot;delay&quot;:20,&quot;ease&quot;:&quot;circ.out&quot;,&quot;initValues&quot;:{&quot;x&quot;:&quot;-10px&quot;,&quot;y&quot;:&quot;30px&quot;,&quot;rotationX&quot;:10,&quot;opacity&quot;:0,&quot;transformOrigin&quot;:&quot;50% 50% 0px&quot;},&quot;animations&quot;:{&quot;x&quot;:&quot;0px&quot;,&quot;y&quot;:&quot;0px&quot;,&quot;rotationX&quot;:0,&quot;opacity&quot;:1,&quot;transformOrigin&quot;:&quot;50% 50% 0px&quot;}}\" class=\"elementor-element elementor-element-2f71319 elementor-widget__width-inherit elementor-widget-mobile__width-inherit elementor-widget elementor-widget-hub_fancy_heading\" data-id=\"2f71319\" data-element_type=\"widget\" data-widget_type=\"hub_fancy_heading.default\">\n\t\t\t\t<div class=\"elementor-widget-container\">\n\t\t\t\t\t\n\t\t<div id=\"ld-fancy-heading-69e31bceb8d8f\" class=\"ld-fancy-heading pos-rel\">\n\t\t\t<h3 class=\"ld-fh-element d-inline-block pos-rel  elementor-heading-title lqd-highlight-classic lqd-highlight-grow-left h3\"  > Iskusite autenti\u010dnost Istre i aktivno odmarajte<\/h3>\t\t<\/div>\n\n\t\t\t\t\t\t<\/div>\n\t\t\t\t<\/div>\n\t\t\t\t<div class=\"elementor-element elementor-element-e7f1782 elementor-widget elementor-widget-text-editor\" data-id=\"e7f1782\" data-element_type=\"widget\" data-widget_type=\"text-editor.default\">\n\t\t\t\t<div class=\"elementor-widget-container\">\n\t\t\t\t\t\t\t\t\t<p>Toliko je toga za okusiti i iskusiti u Istri! Mo\u017eete do\u0107i od sezone \u0161paroga u prolje\u0107e do sezone tartufa najesen. Za ljetnih mjeseci ili kad se za\u017eelite mira, ti\u0161ine i savr\u0161enog gastronomskog iskustva.<\/p><p>Trening i rekreacija u Petramu nisu obaveza ve\u0107 jo\u0161 jedno zadovoljstvo!<\/p><p>U neposrednoj blizini Petram Resort &amp; Residences nalazi se prvo istarsko golf igrali\u0161te s 18 rupa na kojem \u0107e u\u017eivati i najzahtjevniji golferi, a dostupni su vam i teniski tereni, satovi yoge i najam bicikla za istra\u017eivanje prekrasne prirode koja nas okru\u017euje.<\/p>\t\t\t\t\t\t\t\t<\/div>\n\t\t\t\t<\/div>\n\t\t\t\t<\/div>\n\t\t\t\t\t<\/div>\n\t\t\t\t<\/div>\n\t\t\t\t<\/div>\n\t\t","protected":false},"excerpt":{"rendered":"<p>Podm\u00ednky pou\u017eit\u00ed \u010cISTA VODA PROJEKT d.o.o., Savudrija, Alberi 300, OIB: 10116776883, jako spr\u00e1vce objekt\u016f souhrnn\u011b ozna\u010dovan\u00fdch jako PETRAM RESORT &amp; RESIDENCES (spr\u00e1vce a objekty d\u00e1le spole\u010dn\u011b jen \u201ePETRAM RESORT &amp; RESIDENCES\u201c), db\u00e1 na ochranu a respektov\u00e1n\u00ed Va\u0161eho soukrom\u00ed. Va\u0161e osobn\u00ed \u00fadaje budeme pou\u017e\u00edvat pouze k poskytov\u00e1n\u00ed produkt\u016f a slu\u017eeb, kter\u00e9 jste si vy\u017e\u00e1dali. PETRAM RESORT [&hellip;]<\/p>\n","protected":false},"author":1,"featured_media":0,"parent":0,"menu_order":0,"comment_status":"closed","ping_status":"closed","template":"","meta":{"_acf_changed":false,"footnotes":""},"class_list":["post-33872","page","type-page","status-publish","hentry"],"acf":[],"yoast_head":"<!-- This site is optimized with the Yoast SEO plugin v26.8 - https:\/\/yoast.com\/product\/yoast-seo-wordpress\/ -->\n<title>Podm\u00ednky pou\u017eit\u00ed - Petram Real Estate<\/title>\n<meta name=\"description\" content=\"\u010cISTA VODA PROJEKT d.o.o. Savudrija, Alberi 300, OIB: 10116776883, as facility manager of the faciities collectively known as PETRAM RESORT &amp; RESIDENCES\" \/>\n<meta name=\"robots\" content=\"index, follow, max-snippet:-1, max-image-preview:large, max-video-preview:-1\" \/>\n<link rel=\"canonical\" href=\"https:\/\/realestate.petramresort.com\/terms-conditions\/\" \/>\n<meta property=\"og:locale\" content=\"cs_CZ\" \/>\n<meta property=\"og:type\" content=\"article\" \/>\n<meta property=\"og:title\" content=\"Podm\u00ednky pou\u017eit\u00ed - Petram Real Estate\" \/>\n<meta property=\"og:description\" content=\"\u010cISTA VODA PROJEKT d.o.o. Savudrija, Alberi 300, OIB: 10116776883, as facility manager of the faciities collectively known as PETRAM RESORT &amp; RESIDENCES\" \/>\n<meta property=\"og:url\" content=\"https:\/\/realestate.petramresort.com\/terms-conditions\/\" \/>\n<meta property=\"og:site_name\" content=\"Petram Real Estate\" \/>\n<meta property=\"article:modified_time\" content=\"2025-12-19T08:10:23+00:00\" \/>\n<meta name=\"twitter:card\" content=\"summary_large_image\" \/>\n<meta name=\"twitter:label1\" content=\"Odhadovan\u00e1 doba \u010dten\u00ed\" \/>\n\t<meta name=\"twitter:data1\" content=\"6 minut\" \/>\n<script type=\"application\/ld+json\" class=\"yoast-schema-graph\">{\"@context\":\"https:\/\/schema.org\",\"@graph\":[{\"@type\":\"WebPage\",\"@id\":\"https:\/\/realestate.petramresort.com\/terms-conditions\/\",\"url\":\"https:\/\/realestate.petramresort.com\/terms-conditions\/\",\"name\":\"Podm\u00ednky pou\u017eit\u00ed - Petram Real Estate\",\"isPartOf\":{\"@id\":\"https:\/\/realestate.petramresort.com\/#website\"},\"datePublished\":\"2023-12-12T11:17:44+00:00\",\"dateModified\":\"2025-12-19T08:10:23+00:00\",\"description\":\"\u010cISTA VODA PROJEKT d.o.o. Savudrija, Alberi 300, OIB: 10116776883, as facility manager of the faciities collectively known as PETRAM RESORT & RESIDENCES\",\"breadcrumb\":{\"@id\":\"https:\/\/realestate.petramresort.com\/terms-conditions\/#breadcrumb\"},\"inLanguage\":\"cs\",\"potentialAction\":[{\"@type\":\"ReadAction\",\"target\":[\"https:\/\/realestate.petramresort.com\/terms-conditions\/\"]}]},{\"@type\":\"BreadcrumbList\",\"@id\":\"https:\/\/realestate.petramresort.com\/terms-conditions\/#breadcrumb\",\"itemListElement\":[{\"@type\":\"ListItem\",\"position\":1,\"name\":\"Home\",\"item\":\"https:\/\/realestate.petramresort.com\/\"},{\"@type\":\"ListItem\",\"position\":2,\"name\":\"Podm\u00ednky pou\u017eit\u00ed\"}]},{\"@type\":\"WebSite\",\"@id\":\"https:\/\/realestate.petramresort.com\/#website\",\"url\":\"https:\/\/realestate.petramresort.com\/\",\"name\":\"Petram Real Estate\",\"description\":\"\",\"publisher\":{\"@id\":\"https:\/\/realestate.petramresort.com\/#organization\"},\"potentialAction\":[{\"@type\":\"SearchAction\",\"target\":{\"@type\":\"EntryPoint\",\"urlTemplate\":\"https:\/\/realestate.petramresort.com\/?s={search_term_string}\"},\"query-input\":{\"@type\":\"PropertyValueSpecification\",\"valueRequired\":true,\"valueName\":\"search_term_string\"}}],\"inLanguage\":\"cs\"},{\"@type\":\"Organization\",\"@id\":\"https:\/\/realestate.petramresort.com\/#organization\",\"name\":\"Petram Resort & Residences\",\"url\":\"https:\/\/realestate.petramresort.com\/\",\"logo\":{\"@type\":\"ImageObject\",\"inLanguage\":\"cs\",\"@id\":\"https:\/\/realestate.petramresort.com\/#\/schema\/logo\/image\/\",\"url\":\"https:\/\/realestate.petramresort.com\/wp-content\/uploads\/2023\/12\/Petram-logo.svg\",\"contentUrl\":\"https:\/\/realestate.petramresort.com\/wp-content\/uploads\/2023\/12\/Petram-logo.svg\",\"width\":1144,\"height\":447,\"caption\":\"Petram Resort & Residences\"},\"image\":{\"@id\":\"https:\/\/realestate.petramresort.com\/#\/schema\/logo\/image\/\"}}]}<\/script>\n<!-- \/ Yoast SEO plugin. -->","yoast_head_json":{"title":"Podm\u00ednky pou\u017eit\u00ed - Petram Real Estate","description":"\u010cISTA VODA PROJEKT d.o.o. Savudrija, Alberi 300, OIB: 10116776883, as facility manager of the faciities collectively known as PETRAM RESORT & RESIDENCES","robots":{"index":"index","follow":"follow","max-snippet":"max-snippet:-1","max-image-preview":"max-image-preview:large","max-video-preview":"max-video-preview:-1"},"canonical":"https:\/\/realestate.petramresort.com\/terms-conditions\/","og_locale":"cs_CZ","og_type":"article","og_title":"Podm\u00ednky pou\u017eit\u00ed - Petram Real Estate","og_description":"\u010cISTA VODA PROJEKT d.o.o. Savudrija, Alberi 300, OIB: 10116776883, as facility manager of the faciities collectively known as PETRAM RESORT & RESIDENCES","og_url":"https:\/\/realestate.petramresort.com\/terms-conditions\/","og_site_name":"Petram Real Estate","article_modified_time":"2025-12-19T08:10:23+00:00","twitter_card":"summary_large_image","twitter_misc":{"Odhadovan\u00e1 doba \u010dten\u00ed":"6 minut"},"schema":{"@context":"https:\/\/schema.org","@graph":[{"@type":"WebPage","@id":"https:\/\/realestate.petramresort.com\/terms-conditions\/","url":"https:\/\/realestate.petramresort.com\/terms-conditions\/","name":"Podm\u00ednky pou\u017eit\u00ed - Petram Real Estate","isPartOf":{"@id":"https:\/\/realestate.petramresort.com\/#website"},"datePublished":"2023-12-12T11:17:44+00:00","dateModified":"2025-12-19T08:10:23+00:00","description":"\u010cISTA VODA PROJEKT d.o.o. Savudrija, Alberi 300, OIB: 10116776883, as facility manager of the faciities collectively known as PETRAM RESORT & RESIDENCES","breadcrumb":{"@id":"https:\/\/realestate.petramresort.com\/terms-conditions\/#breadcrumb"},"inLanguage":"cs","potentialAction":[{"@type":"ReadAction","target":["https:\/\/realestate.petramresort.com\/terms-conditions\/"]}]},{"@type":"BreadcrumbList","@id":"https:\/\/realestate.petramresort.com\/terms-conditions\/#breadcrumb","itemListElement":[{"@type":"ListItem","position":1,"name":"Home","item":"https:\/\/realestate.petramresort.com\/"},{"@type":"ListItem","position":2,"name":"Podm\u00ednky pou\u017eit\u00ed"}]},{"@type":"WebSite","@id":"https:\/\/realestate.petramresort.com\/#website","url":"https:\/\/realestate.petramresort.com\/","name":"Petram Real Estate","description":"","publisher":{"@id":"https:\/\/realestate.petramresort.com\/#organization"},"potentialAction":[{"@type":"SearchAction","target":{"@type":"EntryPoint","urlTemplate":"https:\/\/realestate.petramresort.com\/?s={search_term_string}"},"query-input":{"@type":"PropertyValueSpecification","valueRequired":true,"valueName":"search_term_string"}}],"inLanguage":"cs"},{"@type":"Organization","@id":"https:\/\/realestate.petramresort.com\/#organization","name":"Petram Resort & Residences","url":"https:\/\/realestate.petramresort.com\/","logo":{"@type":"ImageObject","inLanguage":"cs","@id":"https:\/\/realestate.petramresort.com\/#\/schema\/logo\/image\/","url":"https:\/\/realestate.petramresort.com\/wp-content\/uploads\/2023\/12\/Petram-logo.svg","contentUrl":"https:\/\/realestate.petramresort.com\/wp-content\/uploads\/2023\/12\/Petram-logo.svg","width":1144,"height":447,"caption":"Petram Resort & Residences"},"image":{"@id":"https:\/\/realestate.petramresort.com\/#\/schema\/logo\/image\/"}}]}},"_links":{"self":[{"href":"https:\/\/realestate.petramresort.com\/cs\/wp-json\/wp\/v2\/pages\/33872","targetHints":{"allow":["GET"]}}],"collection":[{"href":"https:\/\/realestate.petramresort.com\/cs\/wp-json\/wp\/v2\/pages"}],"about":[{"href":"https:\/\/realestate.petramresort.com\/cs\/wp-json\/wp\/v2\/types\/page"}],"author":[{"embeddable":true,"href":"https:\/\/realestate.petramresort.com\/cs\/wp-json\/wp\/v2\/users\/1"}],"replies":[{"embeddable":true,"href":"https:\/\/realestate.petramresort.com\/cs\/wp-json\/wp\/v2\/comments?post=33872"}],"version-history":[{"count":4,"href":"https:\/\/realestate.petramresort.com\/cs\/wp-json\/wp\/v2\/pages\/33872\/revisions"}],"predecessor-version":[{"id":33877,"href":"https:\/\/realestate.petramresort.com\/cs\/wp-json\/wp\/v2\/pages\/33872\/revisions\/33877"}],"wp:attachment":[{"href":"https:\/\/realestate.petramresort.com\/cs\/wp-json\/wp\/v2\/media?parent=33872"}],"curies":[{"name":"wp","href":"https:\/\/api.w.org\/{rel}","templated":true}]}}