{"id":26238,"date":"2023-12-12T11:17:44","date_gmt":"2023-12-12T11:17:44","guid":{"rendered":"https:\/\/realestate.petramresort.com\/?page_id=26238"},"modified":"2025-11-07T11:37:38","modified_gmt":"2025-11-07T11:37:38","slug":"nutzungsbedingungen","status":"publish","type":"page","link":"https:\/\/realestate.petramresort.com\/de\/nutzungsbedingungen\/","title":{"rendered":"Nutzungsbedingungen"},"content":{"rendered":"\t\t<div data-elementor-type=\"wp-page\" data-elementor-id=\"26238\" class=\"elementor elementor-26238 elementor-5913\" data-elementor-post-type=\"page\">\n\t\t\t\t<div class=\"elementor-element elementor-element-7927fe91 e-con-full header_fullwidth e-flex e-con e-parent\" data-id=\"7927fe91\" data-element_type=\"container\" data-settings=\"{&quot;background_background&quot;:&quot;classic&quot;}\">\n\t\t<div class=\"elementor-element elementor-element-7a21a829 e-con-full e-flex e-con e-child\" data-id=\"7a21a829\" data-element_type=\"container\">\n\t\t\t\t<div data-parallax=\"true\" data-parallax-options=\"{&quot;ease&quot;:[&quot;linear&quot;],&quot;start&quot;:&quot;center center&quot;,&quot;end&quot;:&quot;bottom+=0px top&quot;}\" data-parallax-from=\"{&quot;y&quot;:&quot;0px&quot;,&quot;transformOrigin&quot;:&quot;50% 50% 0px&quot;}\" data-parallax-to=\"{&quot;y&quot;:&quot;-60px&quot;,&quot;transformOrigin&quot;:&quot;50% 50% 0px&quot;}\" data-custom-animations=\"true\" data-ca-options=\"{&quot;addChildTimelines&quot;:false,&quot;trigger&quot;:&quot;firstChild&quot;,&quot;animationTarget&quot;:&quot;.lqd-split-lines .lqd-lines .split-inner, .lqd-adv-txt-fig&quot;,&quot;duration&quot;:300,&quot;delay&quot;:40,&quot;ease&quot;:[&quot;power4.out&quot;],&quot;initValues&quot;:{&quot;x&quot;:&quot;-20px&quot;,&quot;rotationX&quot;:10,&quot;opacity&quot;:0,&quot;transformOrigin&quot;:&quot;50% 50% 0px&quot;},&quot;animations&quot;:{&quot;x&quot;:&quot;0px&quot;,&quot;rotationX&quot;:0,&quot;opacity&quot;:1,&quot;transformOrigin&quot;:&quot;50% 50% 0px&quot;}}\" class=\"elementor-element elementor-element-2a14d961 elementor-widget elementor-widget-hub_fancy_heading lqd-el-has-inner-anim\" data-id=\"2a14d961\" data-element_type=\"widget\" data-settings=\"{&quot;enable_split&quot;:&quot;true&quot;,&quot;split_type&quot;:&quot;lines&quot;}\" data-widget_type=\"hub_fancy_heading.default\">\n\t\t\t\t<div class=\"elementor-widget-container\">\n\t\t\t\t\t\n\t\t<div id=\"ld-fancy-heading-69e31bfb11747\" class=\"ld-fancy-heading pos-rel\">\n\t\t\t<h2 class=\"ld-fh-element d-inline-block pos-rel  elementor-heading-title lqd-highlight-classic lqd-highlight-grow-left lqd-split-lines h2\"  data-split-text=\"true\" data-split-options='{\"type\":\"lines\"}'> Nutzungsbedingungen<\/h2>\t\t<\/div>\n\n\t\t\t\t\t\t<\/div>\n\t\t\t\t<\/div>\n\t\t\t\t<\/div>\n\t\t\t\t<\/div>\n\t\t<div class=\"elementor-element elementor-element-ea90b4e e-flex e-con-boxed e-con e-parent\" data-id=\"ea90b4e\" data-element_type=\"container\">\n\t\t\t\t\t<div class=\"e-con-inner\">\n\t\t\t\t<div class=\"elementor-element elementor-element-f44d8d2 elementor-widget elementor-widget-text-editor\" data-id=\"f44d8d2\" data-element_type=\"widget\" data-widget_type=\"text-editor.default\">\n\t\t\t\t<div class=\"elementor-widget-container\">\n\t\t\t\t\t\t\t\t\t<p>\u010cISTA VODA PROJEKT d.o.o., Savudrija, Alberi 300, OIB: 10116776883, als Verwalter von Objekten, die kollektiv als PETRAM RESORT &amp; RESIDENCES bekannt sind (im Folgenden wird der Verwalter der Objekte und die Objekte gemeinsam als PETRAM RESORT &amp; RESIDENCES bezeichnet), widmet sich dem Schutz und der Achtung Ihrer Privatsph\u00e4re. Ihre personenbezogenen Daten werden ausschlie\u00dflich zum Zwecke der Bereitstellung der von Ihnen angeforderten Produkte und Dienstleistungen verwendet.<\/p>\n<p>PETRAM RESORT &amp; RESIDENCES gew\u00e4hrt Zugang zu Informationen und Dienstleistungen auf der website <a href=\"https:\/\/realestate.petramresort.com\/?_gl=1*1n4rw8z*_up*MQ..*_ga*MTU5ODQ3Mjc2My4xNzM3NzMyMTY2*_ga_KD9360J61V*MTczNzczMjE2Ni4xLjAuMTczNzczMjE2Ni4wLjAuMTExNzk1Mjc4Mw..\">www.petramresort.com<\/a> (&#8222;Website&#8220;), unter den folgenden Bedingungen und Bestimmungen. Der Zugriff auf und die Nutzung dieser Website setzt die ausdr\u00fcckliche und bedingungslose Zustimmung zu diesen Bedingungen und Bestimmungen voraus.<\/p>\n<p>Wenn Sie mit diesen Bedingungen und Bestimmungen nicht einverstanden sind, bitten wir Sie, die Website nicht zu nutzen.<\/p>\n<p>PETRAM RESORT &amp; RESIDENCES beh\u00e4lt sich das Recht vor, nach eigenem Ermessen jederzeit \u00c4nderungen, Modifikationen, Erg\u00e4nzungen oder L\u00f6schungen von Bedingungen und Bestimmungen oder Informationen auf der Website vorzunehmen, ohne vorherige Benachrichtigung. Sofern nicht anders angegeben, treten solche \u00c4nderungen sofort nach der Ver\u00f6ffentlichung auf der Website in Kraft. Daher bitten wir Sie, die Website gelegentlich auf solche \u00c4nderungen zu \u00fcberpr\u00fcfen. Die fortgesetzte Nutzung der Website bedeutet, dass Sie den ge\u00e4nderten Bedingungen und Bestimmungen zustimmen.<\/p>\n<p><b>INHALT DER WEBSITE<\/b><\/p>\n<p>Die Informationen, die PETRAM RESORT &amp; RESIDENCES auf der Website ver\u00f6ffentlicht, gelten zum Zeitpunkt ihrer Ver\u00f6ffentlichung als genau und zuverl\u00e4ssig.<\/p>\n<p>PETRAM RESORT &amp; RESIDENCES weist jedoch darauf hin, dass es m\u00f6glich ist, dass Abweichungen in der Genauigkeit, Wahrheit oder Zuverl\u00e4ssigkeit der auf der Website verf\u00fcgbaren Daten bestehen, wenn der Nutzer auf die Website zugreift.<\/p>\n<p>Die auf der Website verf\u00fcgbaren Informationen sollten nicht als Grundlage f\u00fcr wichtige pers\u00f6nliche oder gesch\u00e4ftliche Entscheidungen angesehen werden, und durch die Nutzung der Website stimmen Sie zu, dass PETRAM RESORT &amp; RESIDENCES nicht f\u00fcr etwaige Abweichungen von Ihren Erwartungen haftet.<\/p>\n<p>PETRAM RESORT &amp; RESIDENCES kann jederzeit ohne vorherige Ank\u00fcndigung die Informationen auf der Website aktualisieren oder \u00e4ndern.<\/p>\n<p>PETRAM RESORT &amp; RESIDENCES lehnt ausdr\u00fccklich jede Haftung ab, die auf irgendeine Weise entstehen k\u00f6nnte oder in irgendeinem Zusammenhang mit der Nutzung dieser Website steht, f\u00fcr Handlungen der Nutzer durch Nutzung oder Missbrauch des Inhalts der Website sowie f\u00fcr Sch\u00e4den, die dem Nutzer oder Dritten im Zusammenhang mit der Nutzung oder dem Missbrauch des Inhalts dieser Website entstehen k\u00f6nnten.<\/p>\n<p><b>BUCHUNGSDIENSTLEISTUNGEN<\/b><\/p>\n<p>Die Buchungsdienste auf der Website stehen nur Personen zur Verf\u00fcgung, die vollj\u00e4hrig sind und nach geltendem Recht in der Lage sind, rechtsverbindliche Vertr\u00e4ge abzuschlie\u00dfen.<\/p>\n<p>Mit der Nutzung der Website garantieren Sie, dass Sie berechtigt sind, Buchungen f\u00fcr sich selbst oder f\u00fcr eine andere Person vorzunehmen, f\u00fcr die Sie handeln d\u00fcrfen. Sie sind finanziell verantwortlich f\u00fcr alle Buchungen, die Sie \u00fcber die Website vornehmen. Sie garantieren auch, dass alle Angaben, die Sie bei der Nutzung der Website gemacht haben, korrekt und wahrheitsgem\u00e4\u00df sind.<\/p>\n<p><b>UNBEFUGTE NUTZUNG UND VERBOTENE HANDLUNGEN<\/b><\/p>\n<p>Es ist nicht gestattet, die Website f\u00fcr illegale Zwecke oder unbefugte Nutzung zu verwenden. Der Benutzer ist allein f\u00fcr die Folgen einer solchen Nutzung verantwortlich.<\/p>\n<p>Verbotenes Verhalten umfasst, ist aber nicht beschr\u00e4nkt auf:<\/p>\n<p>\u2022 die Verwendung von Ger\u00e4ten, Software oder Routinen zum \u00dcberwachen, Kopieren, St\u00f6ren, Modifizieren, Zerst\u00f6ren, Besch\u00e4digen, Einschr\u00e4nken, Manipulieren, St\u00f6ren oder dem Versuch, die Website, ihren Inhalt oder ihre Funktion zu st\u00f6ren, ohne vorherige ausdr\u00fcckliche schriftliche Zustimmung von PETRAM RESORT &amp; RESIDENCES;<\/p>\n<p>\u2022 die Verwendung von Robotern, \u201eSpidern\u201c, automatisierten Ger\u00e4ten oder automatisierten oder manuellen Prozessen zum \u00dcberwachen oder Kopieren der Website oder der auf ihr enthaltenen Informationen, ohne vorherige ausdr\u00fcckliche schriftliche Zustimmung von PETRAM RESORT &amp; RESIDENCES;<\/p>\n<p>\u2022 die Verwendung von Computerviren, \u201eW\u00fcrmern\u201c, \u201eTimebomben\u201c und\/oder anderen Computerprogrammen, die den ordnungsgem\u00e4\u00dfen Betrieb der Website sch\u00e4digen, abfangen, st\u00f6ren oder zerst\u00f6ren (oder dazu bestimmt sind, dies zu tun);<\/p>\n<p>\u2022 die Nutzung der Website in einer bedrohlichen, verleumderischen, anst\u00f6\u00dfigen, pornografischen, diskriminierenden oder anderweitig beleidigenden Weise;<\/p>\n<p>\u2022 Alle Inhalte, die auf der Website ver\u00f6ffentlicht werden, d\u00fcrfen nicht ohne ausdr\u00fcckliche schriftliche Zustimmung von PETRAM RESORT &amp; RESIDENCES zu kommerziellen Zwecken verbreitet oder in einer Weise genutzt werden, die PETRAM RESORT &amp; RESIDENCES oder Dritte sch\u00e4digen k\u00f6nnte;<\/p>\n<p>\u2022 Dokumente, Daten, Fotos und Informationen, die auf der Website ver\u00f6ffentlicht sind, d\u00fcrfen nur f\u00fcr pers\u00f6nliche Zwecke des Benutzers unter Beachtung aller Urheberrechte, verwandten Rechte und Rechte Dritter gem\u00e4\u00df den gesetzlichen Bestimmungen der Republik Kroatien verwendet werden;<\/p>\n<p>\u2022 Die Reproduktion, Vervielf\u00e4ltigung oder Verbreitung des Designs der Website von PETRAM RESORT &amp; RESIDENCES oder der Hintergrundgrafik, einzelner Elemente der Website und des Logodesigns ohne ausdr\u00fcckliche schriftliche Genehmigung von PETRAM RESORT &amp; RESIDENCES ist untersagt. Sofern keine andere Vereinbarung getroffen wird, d\u00fcrfen die auf der Website ver\u00f6ffentlichten Dokumente, Daten und Informationen nur f\u00fcr pers\u00f6nliche Zwecke unter Beachtung aller Urheber- und Eigentumsrechte und der Rechte Dritter verwendet werden;<\/p>\n<p>\u2022 Verhalten, das gegen geltendes Recht verst\u00f6\u00dft.<\/p>\n<p><b>IMMATERIELLE RECHTE<\/b><\/p>\n<p>Alle Urheberrechte und anderen geistigen Eigentumsrechte an allen Texten, Bildern, T\u00f6nen, Software und anderem Material, das auf der Website enthalten ist, geh\u00f6ren PETRAM RESORT &amp; RESIDENCES oder wurden mit Genehmigung des entsprechenden Eigent\u00fcmers oder der berechtigten Person, die die Rechte an diesen Materialien besitzt, verwendet oder ver\u00f6ffentlicht. Es ist nicht gestattet, Materialien auf der Website in irgendeiner Weise und in jeglicher Form zu kopieren, zu reproduzieren, zu modifizieren, \u00f6ffentlich zu kommunizieren, zu transformieren oder zu verbreiten, es sei denn, PETRAM RESORT &amp; RESIDENCES oder, falls erforderlich, der Inhaber dieser Rechte, hat zuvor schriftlich eine ausdr\u00fcckliche Genehmigung erteilt.<\/p>\n<p><b>DATENSCHUTZPOLITIK<\/b><\/p>\n<p>Um die vollst\u00e4ndige Datenschutzpolitik von PETRAM RESORT &amp; RESIDENCES einzusehen, klicken Sie bitte <a href=\"\/privacy-policy\/\">hier<\/a>.<\/p>\n<p><b>COOKIES-RICHTLINIE<\/b><\/p>\n<p>Unsere Website verwendet sogenannte Cookies \u2013 Textdateien, die vom Webserver auf dem Computer des Nutzers abgelegt werden und \u00fcber die der Internet Service Provider (ISP) die Website anzeigt.<\/p>\n<p>Cookies werden erstellt, wenn der Browser auf dem Ger\u00e4t des Nutzers die besuchte Website l\u00e4dt, die dann Daten an den Browser sendet und eine Textdatei (Cookie) erstellt. Der Browser ruft das Cookie ab und sendet es an den Webserver, wenn der Nutzer die Seite erneut besucht.<\/p>\n<p>F\u00fcr weitere Informationen \u00fcber Cookies klicken Sie bitte <a href=\"\/cookie-policy\/\">hier<\/a>.<\/p>\n<p><b>ANWENDBARES RECHT<\/b><\/p>\n<p>Mit dieser Vereinbarung akzeptieren und unterwerfen Sie sich dem kroatischen materiellen Recht, das ausschlie\u00dflich f\u00fcr die Auslegung, Anwendung und die rechtlichen Folgen aller Genehmigungen, Ausschl\u00fcsse und Bedingungen f\u00fcr die Nutzung dieser Website gilt. Die Gerichte in der Republik Kroatien sind ausschlie\u00dflich zust\u00e4ndig f\u00fcr alle m\u00f6glichen Anspr\u00fcche und Streitigkeiten, die aufgrund der Nutzung der Website oder im Zusammenhang damit entstehen k\u00f6nnten.<\/p>\n<p>PETRAM RESORT &amp; RESIDENCES garantiert nicht, dass die auf dieser Website enthaltenen Materialien f\u00fcr Benutzer an bestimmten Standorten geeignet oder verf\u00fcgbar sind, und \u00fcbernimmt keine Verantwortung f\u00fcr den Zugriff aus Gebieten, in denen der Inhalt der Website als verboten gilt. Der Zugriff auf die Website von diesen Standorten wird als freiwillig und auf eigenes Risiko des Nutzers gem\u00e4\u00df den anwendbaren Gesetzen betrachtet.<\/p>\n<p><b>ANWENDBARE RECHTLICHE BESTIMMUNGEN<\/b><\/p>\n<p>Sollte eine Bestimmung dieser Bedingungen gem\u00e4\u00df geltendem Recht f\u00fcr ung\u00fcltig erkl\u00e4rt werden, bleibt die G\u00fcltigkeit der \u00fcbrigen Bestimmungen hiervon unber\u00fchrt.<\/p>\t\t\t\t\t\t\t\t<\/div>\n\t\t\t\t<\/div>\n\t\t\t\t\t<\/div>\n\t\t\t\t<\/div>\n\t\t<div class=\"elementor-element elementor-element-3b1d053 transp_el elementor-hidden-desktop elementor-hidden-tablet elementor-hidden-mobile e-flex e-con-boxed e-con e-parent\" data-id=\"3b1d053\" data-element_type=\"container\" data-settings=\"{&quot;background_background&quot;:&quot;classic&quot;}\">\n\t\t\t\t\t<div class=\"e-con-inner\">\n\t\t<div class=\"elementor-element elementor-element-d82a662 e-con-full e-flex e-con e-child\" data-id=\"d82a662\" data-element_type=\"container\" data-settings=\"{&quot;background_background&quot;:&quot;classic&quot;}\">\n\t\t\t\t<div data-custom-animations=\"true\" data-ca-options=\"{&quot;addChildTimelines&quot;:false,&quot;trigger&quot;:&quot;firstChild&quot;,&quot;animationTarget&quot;:&quot;:scope &gt; .elementor-widget-container&quot;,&quot;duration&quot;:200,&quot;delay&quot;:20,&quot;ease&quot;:&quot;circ.out&quot;,&quot;initValues&quot;:{&quot;x&quot;:&quot;-10px&quot;,&quot;y&quot;:&quot;30px&quot;,&quot;rotationX&quot;:10,&quot;opacity&quot;:0,&quot;transformOrigin&quot;:&quot;50% 50% 0px&quot;},&quot;animations&quot;:{&quot;x&quot;:&quot;0px&quot;,&quot;y&quot;:&quot;0px&quot;,&quot;rotationX&quot;:0,&quot;opacity&quot;:1,&quot;transformOrigin&quot;:&quot;50% 50% 0px&quot;}}\" class=\"elementor-element elementor-element-2f71319 elementor-widget__width-inherit elementor-widget-mobile__width-inherit elementor-widget elementor-widget-hub_fancy_heading\" data-id=\"2f71319\" data-element_type=\"widget\" data-widget_type=\"hub_fancy_heading.default\">\n\t\t\t\t<div class=\"elementor-widget-container\">\n\t\t\t\t\t\n\t\t<div id=\"ld-fancy-heading-69e31bfb12ce4\" class=\"ld-fancy-heading pos-rel\">\n\t\t\t<h3 class=\"ld-fh-element d-inline-block pos-rel  elementor-heading-title lqd-highlight-classic lqd-highlight-grow-left h3\"  > Iskusite autenti\u010dnost Istre i aktivno odmarajte<\/h3>\t\t<\/div>\n\n\t\t\t\t\t\t<\/div>\n\t\t\t\t<\/div>\n\t\t\t\t<div class=\"elementor-element elementor-element-e7f1782 elementor-widget elementor-widget-text-editor\" data-id=\"e7f1782\" data-element_type=\"widget\" data-widget_type=\"text-editor.default\">\n\t\t\t\t<div class=\"elementor-widget-container\">\n\t\t\t\t\t\t\t\t\t<p>Toliko je toga za okusiti i iskusiti u Istri! Mo\u017eete do\u0107i od sezone \u0161paroga u prolje\u0107e do sezone tartufa najesen. Za ljetnih mjeseci ili kad se za\u017eelite mira, ti\u0161ine i savr\u0161enog gastronomskog iskustva.<\/p><p>Trening i rekreacija u Petramu nisu obaveza ve\u0107 jo\u0161 jedno zadovoljstvo!<\/p><p>U neposrednoj blizini Petram Resort &amp; Residences nalazi se prvo istarsko golf igrali\u0161te s 18 rupa na kojem \u0107e u\u017eivati i najzahtjevniji golferi, a dostupni su vam i teniski tereni, satovi yoge i najam bicikla za istra\u017eivanje prekrasne prirode koja nas okru\u017euje.<\/p>\t\t\t\t\t\t\t\t<\/div>\n\t\t\t\t<\/div>\n\t\t\t\t<\/div>\n\t\t\t\t\t<\/div>\n\t\t\t\t<\/div>\n\t\t\t\t<\/div>\n\t\t","protected":false},"excerpt":{"rendered":"<p>Nutzungsbedingungen \u010cISTA VODA PROJEKT d.o.o., Savudrija, Alberi 300, OIB: 10116776883, als Verwalter von Objekten, die kollektiv als PETRAM RESORT &amp; RESIDENCES bekannt sind (im Folgenden wird der Verwalter der Objekte und die Objekte gemeinsam als PETRAM RESORT &amp; RESIDENCES bezeichnet), widmet sich dem Schutz und der Achtung Ihrer Privatsph\u00e4re. Ihre personenbezogenen Daten werden ausschlie\u00dflich zum [&hellip;]<\/p>\n","protected":false},"author":8,"featured_media":0,"parent":0,"menu_order":0,"comment_status":"closed","ping_status":"closed","template":"","meta":{"_acf_changed":false,"footnotes":""},"class_list":["post-26238","page","type-page","status-publish","hentry"],"acf":[],"yoast_head":"<!-- This site is optimized with the Yoast SEO plugin v26.8 - https:\/\/yoast.com\/product\/yoast-seo-wordpress\/ -->\n<title>Nutzungsbedingungen - Petram Real Estate<\/title>\n<meta name=\"description\" content=\"Reine Wasser Projekt GmbH Savudrija, Alberi 300, als Verwalter der Anlagen, die gemeinsam als PETRAM RESORT &amp; RESIDENCES bekannt sind.\" \/>\n<meta name=\"robots\" content=\"index, follow, max-snippet:-1, max-image-preview:large, max-video-preview:-1\" \/>\n<link rel=\"canonical\" href=\"https:\/\/realestate.petramresort.com\/de\/nutzungsbedingungen\/\" \/>\n<meta property=\"og:locale\" content=\"de_DE\" \/>\n<meta property=\"og:type\" content=\"article\" \/>\n<meta property=\"og:title\" content=\"Nutzungsbedingungen - Petram Real Estate\" \/>\n<meta property=\"og:description\" content=\"Reine Wasser Projekt GmbH Savudrija, Alberi 300, als Verwalter der Anlagen, die gemeinsam als PETRAM RESORT &amp; RESIDENCES bekannt sind.\" \/>\n<meta property=\"og:url\" content=\"https:\/\/realestate.petramresort.com\/de\/nutzungsbedingungen\/\" \/>\n<meta property=\"og:site_name\" content=\"Petram Real Estate\" \/>\n<meta property=\"article:modified_time\" content=\"2025-11-07T11:37:38+00:00\" \/>\n<meta name=\"twitter:card\" content=\"summary_large_image\" \/>\n<meta name=\"twitter:label1\" content=\"Gesch\u00e4tzte Lesezeit\" \/>\n\t<meta name=\"twitter:data1\" content=\"6\u00a0Minuten\" \/>\n<script type=\"application\/ld+json\" class=\"yoast-schema-graph\">{\"@context\":\"https:\/\/schema.org\",\"@graph\":[{\"@type\":\"WebPage\",\"@id\":\"https:\/\/realestate.petramresort.com\/de\/nutzungsbedingungen\/\",\"url\":\"https:\/\/realestate.petramresort.com\/de\/nutzungsbedingungen\/\",\"name\":\"Nutzungsbedingungen - Petram Real Estate\",\"isPartOf\":{\"@id\":\"https:\/\/realestate.petramresort.com\/#website\"},\"datePublished\":\"2023-12-12T11:17:44+00:00\",\"dateModified\":\"2025-11-07T11:37:38+00:00\",\"description\":\"Reine Wasser Projekt GmbH Savudrija, Alberi 300, als Verwalter der Anlagen, die gemeinsam als PETRAM RESORT & RESIDENCES bekannt sind.\",\"breadcrumb\":{\"@id\":\"https:\/\/realestate.petramresort.com\/de\/nutzungsbedingungen\/#breadcrumb\"},\"inLanguage\":\"de\",\"potentialAction\":[{\"@type\":\"ReadAction\",\"target\":[\"https:\/\/realestate.petramresort.com\/de\/nutzungsbedingungen\/\"]}]},{\"@type\":\"BreadcrumbList\",\"@id\":\"https:\/\/realestate.petramresort.com\/de\/nutzungsbedingungen\/#breadcrumb\",\"itemListElement\":[{\"@type\":\"ListItem\",\"position\":1,\"name\":\"Home\",\"item\":\"https:\/\/realestate.petramresort.com\/\"},{\"@type\":\"ListItem\",\"position\":2,\"name\":\"Nutzungsbedingungen\"}]},{\"@type\":\"WebSite\",\"@id\":\"https:\/\/realestate.petramresort.com\/#website\",\"url\":\"https:\/\/realestate.petramresort.com\/\",\"name\":\"Petram Real Estate\",\"description\":\"\",\"publisher\":{\"@id\":\"https:\/\/realestate.petramresort.com\/#organization\"},\"potentialAction\":[{\"@type\":\"SearchAction\",\"target\":{\"@type\":\"EntryPoint\",\"urlTemplate\":\"https:\/\/realestate.petramresort.com\/?s={search_term_string}\"},\"query-input\":{\"@type\":\"PropertyValueSpecification\",\"valueRequired\":true,\"valueName\":\"search_term_string\"}}],\"inLanguage\":\"de\"},{\"@type\":\"Organization\",\"@id\":\"https:\/\/realestate.petramresort.com\/#organization\",\"name\":\"Petram Resort & Residences\",\"url\":\"https:\/\/realestate.petramresort.com\/\",\"logo\":{\"@type\":\"ImageObject\",\"inLanguage\":\"de\",\"@id\":\"https:\/\/realestate.petramresort.com\/#\/schema\/logo\/image\/\",\"url\":\"https:\/\/realestate.petramresort.com\/wp-content\/uploads\/2023\/12\/Petram-logo.svg\",\"contentUrl\":\"https:\/\/realestate.petramresort.com\/wp-content\/uploads\/2023\/12\/Petram-logo.svg\",\"width\":1144,\"height\":447,\"caption\":\"Petram Resort & Residences\"},\"image\":{\"@id\":\"https:\/\/realestate.petramresort.com\/#\/schema\/logo\/image\/\"}}]}<\/script>\n<!-- \/ Yoast SEO plugin. -->","yoast_head_json":{"title":"Nutzungsbedingungen - Petram Real Estate","description":"Reine Wasser Projekt GmbH Savudrija, Alberi 300, als Verwalter der Anlagen, die gemeinsam als PETRAM RESORT & RESIDENCES bekannt sind.","robots":{"index":"index","follow":"follow","max-snippet":"max-snippet:-1","max-image-preview":"max-image-preview:large","max-video-preview":"max-video-preview:-1"},"canonical":"https:\/\/realestate.petramresort.com\/de\/nutzungsbedingungen\/","og_locale":"de_DE","og_type":"article","og_title":"Nutzungsbedingungen - Petram Real Estate","og_description":"Reine Wasser Projekt GmbH Savudrija, Alberi 300, als Verwalter der Anlagen, die gemeinsam als PETRAM RESORT & RESIDENCES bekannt sind.","og_url":"https:\/\/realestate.petramresort.com\/de\/nutzungsbedingungen\/","og_site_name":"Petram Real Estate","article_modified_time":"2025-11-07T11:37:38+00:00","twitter_card":"summary_large_image","twitter_misc":{"Gesch\u00e4tzte Lesezeit":"6\u00a0Minuten"},"schema":{"@context":"https:\/\/schema.org","@graph":[{"@type":"WebPage","@id":"https:\/\/realestate.petramresort.com\/de\/nutzungsbedingungen\/","url":"https:\/\/realestate.petramresort.com\/de\/nutzungsbedingungen\/","name":"Nutzungsbedingungen - Petram Real Estate","isPartOf":{"@id":"https:\/\/realestate.petramresort.com\/#website"},"datePublished":"2023-12-12T11:17:44+00:00","dateModified":"2025-11-07T11:37:38+00:00","description":"Reine Wasser Projekt GmbH Savudrija, Alberi 300, als Verwalter der Anlagen, die gemeinsam als PETRAM RESORT & RESIDENCES bekannt sind.","breadcrumb":{"@id":"https:\/\/realestate.petramresort.com\/de\/nutzungsbedingungen\/#breadcrumb"},"inLanguage":"de","potentialAction":[{"@type":"ReadAction","target":["https:\/\/realestate.petramresort.com\/de\/nutzungsbedingungen\/"]}]},{"@type":"BreadcrumbList","@id":"https:\/\/realestate.petramresort.com\/de\/nutzungsbedingungen\/#breadcrumb","itemListElement":[{"@type":"ListItem","position":1,"name":"Home","item":"https:\/\/realestate.petramresort.com\/"},{"@type":"ListItem","position":2,"name":"Nutzungsbedingungen"}]},{"@type":"WebSite","@id":"https:\/\/realestate.petramresort.com\/#website","url":"https:\/\/realestate.petramresort.com\/","name":"Petram Real Estate","description":"","publisher":{"@id":"https:\/\/realestate.petramresort.com\/#organization"},"potentialAction":[{"@type":"SearchAction","target":{"@type":"EntryPoint","urlTemplate":"https:\/\/realestate.petramresort.com\/?s={search_term_string}"},"query-input":{"@type":"PropertyValueSpecification","valueRequired":true,"valueName":"search_term_string"}}],"inLanguage":"de"},{"@type":"Organization","@id":"https:\/\/realestate.petramresort.com\/#organization","name":"Petram Resort & Residences","url":"https:\/\/realestate.petramresort.com\/","logo":{"@type":"ImageObject","inLanguage":"de","@id":"https:\/\/realestate.petramresort.com\/#\/schema\/logo\/image\/","url":"https:\/\/realestate.petramresort.com\/wp-content\/uploads\/2023\/12\/Petram-logo.svg","contentUrl":"https:\/\/realestate.petramresort.com\/wp-content\/uploads\/2023\/12\/Petram-logo.svg","width":1144,"height":447,"caption":"Petram Resort & Residences"},"image":{"@id":"https:\/\/realestate.petramresort.com\/#\/schema\/logo\/image\/"}}]}},"_links":{"self":[{"href":"https:\/\/realestate.petramresort.com\/de\/wp-json\/wp\/v2\/pages\/26238","targetHints":{"allow":["GET"]}}],"collection":[{"href":"https:\/\/realestate.petramresort.com\/de\/wp-json\/wp\/v2\/pages"}],"about":[{"href":"https:\/\/realestate.petramresort.com\/de\/wp-json\/wp\/v2\/types\/page"}],"author":[{"embeddable":true,"href":"https:\/\/realestate.petramresort.com\/de\/wp-json\/wp\/v2\/users\/8"}],"replies":[{"embeddable":true,"href":"https:\/\/realestate.petramresort.com\/de\/wp-json\/wp\/v2\/comments?post=26238"}],"version-history":[{"count":5,"href":"https:\/\/realestate.petramresort.com\/de\/wp-json\/wp\/v2\/pages\/26238\/revisions"}],"predecessor-version":[{"id":33359,"href":"https:\/\/realestate.petramresort.com\/de\/wp-json\/wp\/v2\/pages\/26238\/revisions\/33359"}],"wp:attachment":[{"href":"https:\/\/realestate.petramresort.com\/de\/wp-json\/wp\/v2\/media?parent=26238"}],"curies":[{"name":"wp","href":"https:\/\/api.w.org\/{rel}","templated":true}]}}