{"id":10130,"date":"2023-12-12T11:18:09","date_gmt":"2023-12-12T11:18:09","guid":{"rendered":"https:\/\/realestate.petramresort.com\/cookie-policy\/"},"modified":"2025-12-18T13:49:53","modified_gmt":"2025-12-18T13:49:53","slug":"cookie-policy","status":"publish","type":"page","link":"https:\/\/realestate.petramresort.com\/hr\/cookie-policy\/","title":{"rendered":"Politika kola\u010di\u0107a"},"content":{"rendered":"\t\t<div data-elementor-type=\"wp-page\" data-elementor-id=\"10130\" class=\"elementor elementor-10130 elementor-5915\" data-elementor-post-type=\"page\">\n\t\t\t\t<div class=\"elementor-element elementor-element-52ef5eff e-con-full header_fullwidth e-flex e-con e-parent\" data-id=\"52ef5eff\" data-element_type=\"container\" data-settings=\"{&quot;background_background&quot;:&quot;classic&quot;}\">\n\t\t<div class=\"elementor-element elementor-element-776281bf e-con-full e-flex e-con e-child\" data-id=\"776281bf\" data-element_type=\"container\">\n\t\t\t\t<div data-parallax=\"true\" data-parallax-options=\"{&quot;ease&quot;:[&quot;linear&quot;],&quot;start&quot;:&quot;center center&quot;,&quot;end&quot;:&quot;bottom+=0px top&quot;}\" data-parallax-from=\"{&quot;y&quot;:&quot;0px&quot;,&quot;transformOrigin&quot;:&quot;50% 50% 0px&quot;}\" data-parallax-to=\"{&quot;y&quot;:&quot;-60px&quot;,&quot;transformOrigin&quot;:&quot;50% 50% 0px&quot;}\" data-custom-animations=\"true\" data-ca-options=\"{&quot;addChildTimelines&quot;:false,&quot;trigger&quot;:&quot;firstChild&quot;,&quot;animationTarget&quot;:&quot;.lqd-split-lines .lqd-lines .split-inner, .lqd-adv-txt-fig&quot;,&quot;duration&quot;:300,&quot;delay&quot;:40,&quot;ease&quot;:[&quot;power4.out&quot;],&quot;initValues&quot;:{&quot;x&quot;:&quot;-20px&quot;,&quot;rotationX&quot;:10,&quot;opacity&quot;:0,&quot;transformOrigin&quot;:&quot;50% 50% 0px&quot;},&quot;animations&quot;:{&quot;x&quot;:&quot;0px&quot;,&quot;rotationX&quot;:0,&quot;opacity&quot;:1,&quot;transformOrigin&quot;:&quot;50% 50% 0px&quot;}}\" class=\"elementor-element elementor-element-573e83a8 elementor-widget elementor-widget-hub_fancy_heading lqd-el-has-inner-anim\" data-id=\"573e83a8\" data-element_type=\"widget\" data-settings=\"{&quot;enable_split&quot;:&quot;true&quot;,&quot;split_type&quot;:&quot;lines&quot;}\" data-widget_type=\"hub_fancy_heading.default\">\n\t\t\t\t<div class=\"elementor-widget-container\">\n\t\t\t\t\t\n\t\t<div id=\"ld-fancy-heading-69e30a1ce9281\" class=\"ld-fancy-heading pos-rel\">\n\t\t\t<h2 class=\"ld-fh-element d-inline-block pos-rel  elementor-heading-title lqd-highlight-classic lqd-highlight-grow-left lqd-split-lines h2\"  data-split-text=\"true\" data-split-options='{\"type\":\"lines\"}'> Cookie policy<\/h2>\t\t<\/div>\n\n\t\t\t\t\t\t<\/div>\n\t\t\t\t<\/div>\n\t\t\t\t<\/div>\n\t\t\t\t<\/div>\n\t\t<div class=\"elementor-element elementor-element-4760870 e-flex e-con-boxed e-con e-parent\" data-id=\"4760870\" data-element_type=\"container\">\n\t\t\t\t\t<div class=\"e-con-inner\">\n\t\t\t\t<div class=\"elementor-element elementor-element-af1355a elementor-widget elementor-widget-html\" data-id=\"af1355a\" data-element_type=\"widget\" data-widget_type=\"html.default\">\n\t\t\t\t<div class=\"elementor-widget-container\">\n\t\t\t\t\t<script type=\"text\/javascript\" charset=\"UTF-8\"  data-cookiescriptreport=\"report\" src=\"\/\/report.cookie-script.com\/r\/4f68395c23804ea62cb6a047e2655b16.js\"><\/script>\t\t\t\t<\/div>\n\t\t\t\t<\/div>\n\t\t\t\t\t<\/div>\n\t\t\t\t<\/div>\n\t\t<div class=\"elementor-element elementor-element-850dbaa e-flex e-con-boxed e-con e-parent\" data-id=\"850dbaa\" data-element_type=\"container\">\n\t\t\t\t\t<div class=\"e-con-inner\">\n\t\t\t\t\t<\/div>\n\t\t\t\t<\/div>\n\t\t\t\t<\/div>\n\t\t","protected":false},"excerpt":{"rendered":"<p>Cookie policy<\/p>\n","protected":false},"author":1,"featured_media":0,"parent":0,"menu_order":0,"comment_status":"closed","ping_status":"closed","template":"","meta":{"_acf_changed":false,"footnotes":""},"class_list":["post-10130","page","type-page","status-publish","hentry"],"acf":[],"yoast_head":"<!-- This site is optimized with the Yoast SEO plugin v26.8 - https:\/\/yoast.com\/product\/yoast-seo-wordpress\/ -->\n<title>Politika Kola\u010di\u0107a | Petram Resort &amp; Residences Istra<\/title>\n<meta name=\"description\" content=\"Saznajte kako Petram Resort &amp; Residences koristi kola\u010di\u0107e za pobolj\u0161anje korisni\u010dkog iskustva i za\u0161titu va\u0161e privatnosti.\" \/>\n<meta name=\"robots\" content=\"index, follow, max-snippet:-1, max-image-preview:large, max-video-preview:-1\" \/>\n<link rel=\"canonical\" href=\"https:\/\/realestate.petramresort.com\/cookie-policy\/\" \/>\n<meta property=\"og:locale\" content=\"hr_HR\" \/>\n<meta property=\"og:type\" content=\"article\" \/>\n<meta property=\"og:title\" content=\"Politika Kola\u010di\u0107a | Petram Resort &amp; Residences Istra\" \/>\n<meta property=\"og:description\" content=\"Saznajte kako Petram Resort &amp; Residences koristi kola\u010di\u0107e za pobolj\u0161anje korisni\u010dkog iskustva i za\u0161titu va\u0161e privatnosti.\" \/>\n<meta property=\"og:url\" content=\"https:\/\/realestate.petramresort.com\/cookie-policy\/\" \/>\n<meta property=\"og:site_name\" content=\"Petram Real Estate\" \/>\n<meta property=\"article:modified_time\" content=\"2025-12-18T13:49:53+00:00\" \/>\n<meta name=\"twitter:card\" content=\"summary_large_image\" \/>\n<meta name=\"twitter:label1\" content=\"Procijenjeno vrijeme \u010ditanja\" \/>\n\t<meta name=\"twitter:data1\" content=\"3 minute\" \/>\n<script type=\"application\/ld+json\" class=\"yoast-schema-graph\">{\"@context\":\"https:\/\/schema.org\",\"@graph\":[{\"@type\":\"WebPage\",\"@id\":\"https:\/\/realestate.petramresort.com\/cookie-policy\/\",\"url\":\"https:\/\/realestate.petramresort.com\/cookie-policy\/\",\"name\":\"Politika Kola\u010di\u0107a | Petram Resort & Residences Istra\",\"isPartOf\":{\"@id\":\"https:\/\/realestate.petramresort.com\/#website\"},\"datePublished\":\"2023-12-12T11:18:09+00:00\",\"dateModified\":\"2025-12-18T13:49:53+00:00\",\"description\":\"Saznajte kako Petram Resort & Residences koristi kola\u010di\u0107e za pobolj\u0161anje korisni\u010dkog iskustva i za\u0161titu va\u0161e privatnosti.\",\"breadcrumb\":{\"@id\":\"https:\/\/realestate.petramresort.com\/cookie-policy\/#breadcrumb\"},\"inLanguage\":\"hr\",\"potentialAction\":[{\"@type\":\"ReadAction\",\"target\":[\"https:\/\/realestate.petramresort.com\/cookie-policy\/\"]}]},{\"@type\":\"BreadcrumbList\",\"@id\":\"https:\/\/realestate.petramresort.com\/cookie-policy\/#breadcrumb\",\"itemListElement\":[{\"@type\":\"ListItem\",\"position\":1,\"name\":\"Home\",\"item\":\"https:\/\/realestate.petramresort.com\/\"},{\"@type\":\"ListItem\",\"position\":2,\"name\":\"Politika kola\u010di\u0107a\"}]},{\"@type\":\"WebSite\",\"@id\":\"https:\/\/realestate.petramresort.com\/#website\",\"url\":\"https:\/\/realestate.petramresort.com\/\",\"name\":\"Petram Real Estate\",\"description\":\"\",\"publisher\":{\"@id\":\"https:\/\/realestate.petramresort.com\/#organization\"},\"potentialAction\":[{\"@type\":\"SearchAction\",\"target\":{\"@type\":\"EntryPoint\",\"urlTemplate\":\"https:\/\/realestate.petramresort.com\/?s={search_term_string}\"},\"query-input\":{\"@type\":\"PropertyValueSpecification\",\"valueRequired\":true,\"valueName\":\"search_term_string\"}}],\"inLanguage\":\"hr\"},{\"@type\":\"Organization\",\"@id\":\"https:\/\/realestate.petramresort.com\/#organization\",\"name\":\"Petram Resort & Residences\",\"url\":\"https:\/\/realestate.petramresort.com\/\",\"logo\":{\"@type\":\"ImageObject\",\"inLanguage\":\"hr\",\"@id\":\"https:\/\/realestate.petramresort.com\/#\/schema\/logo\/image\/\",\"url\":\"https:\/\/realestate.petramresort.com\/wp-content\/uploads\/2023\/12\/Petram-logo.svg\",\"contentUrl\":\"https:\/\/realestate.petramresort.com\/wp-content\/uploads\/2023\/12\/Petram-logo.svg\",\"width\":1144,\"height\":447,\"caption\":\"Petram Resort & Residences\"},\"image\":{\"@id\":\"https:\/\/realestate.petramresort.com\/#\/schema\/logo\/image\/\"}}]}<\/script>\n<!-- \/ Yoast SEO plugin. -->","yoast_head_json":{"title":"Politika Kola\u010di\u0107a | Petram Resort & Residences Istra","description":"Saznajte kako Petram Resort & Residences koristi kola\u010di\u0107e za pobolj\u0161anje korisni\u010dkog iskustva i za\u0161titu va\u0161e privatnosti.","robots":{"index":"index","follow":"follow","max-snippet":"max-snippet:-1","max-image-preview":"max-image-preview:large","max-video-preview":"max-video-preview:-1"},"canonical":"https:\/\/realestate.petramresort.com\/cookie-policy\/","og_locale":"hr_HR","og_type":"article","og_title":"Politika Kola\u010di\u0107a | Petram Resort & Residences Istra","og_description":"Saznajte kako Petram Resort & Residences koristi kola\u010di\u0107e za pobolj\u0161anje korisni\u010dkog iskustva i za\u0161titu va\u0161e privatnosti.","og_url":"https:\/\/realestate.petramresort.com\/cookie-policy\/","og_site_name":"Petram Real Estate","article_modified_time":"2025-12-18T13:49:53+00:00","twitter_card":"summary_large_image","twitter_misc":{"Procijenjeno vrijeme \u010ditanja":"3 minute"},"schema":{"@context":"https:\/\/schema.org","@graph":[{"@type":"WebPage","@id":"https:\/\/realestate.petramresort.com\/cookie-policy\/","url":"https:\/\/realestate.petramresort.com\/cookie-policy\/","name":"Politika Kola\u010di\u0107a | Petram Resort & Residences Istra","isPartOf":{"@id":"https:\/\/realestate.petramresort.com\/#website"},"datePublished":"2023-12-12T11:18:09+00:00","dateModified":"2025-12-18T13:49:53+00:00","description":"Saznajte kako Petram Resort & Residences koristi kola\u010di\u0107e za pobolj\u0161anje korisni\u010dkog iskustva i za\u0161titu va\u0161e privatnosti.","breadcrumb":{"@id":"https:\/\/realestate.petramresort.com\/cookie-policy\/#breadcrumb"},"inLanguage":"hr","potentialAction":[{"@type":"ReadAction","target":["https:\/\/realestate.petramresort.com\/cookie-policy\/"]}]},{"@type":"BreadcrumbList","@id":"https:\/\/realestate.petramresort.com\/cookie-policy\/#breadcrumb","itemListElement":[{"@type":"ListItem","position":1,"name":"Home","item":"https:\/\/realestate.petramresort.com\/"},{"@type":"ListItem","position":2,"name":"Politika kola\u010di\u0107a"}]},{"@type":"WebSite","@id":"https:\/\/realestate.petramresort.com\/#website","url":"https:\/\/realestate.petramresort.com\/","name":"Petram Real Estate","description":"","publisher":{"@id":"https:\/\/realestate.petramresort.com\/#organization"},"potentialAction":[{"@type":"SearchAction","target":{"@type":"EntryPoint","urlTemplate":"https:\/\/realestate.petramresort.com\/?s={search_term_string}"},"query-input":{"@type":"PropertyValueSpecification","valueRequired":true,"valueName":"search_term_string"}}],"inLanguage":"hr"},{"@type":"Organization","@id":"https:\/\/realestate.petramresort.com\/#organization","name":"Petram Resort & Residences","url":"https:\/\/realestate.petramresort.com\/","logo":{"@type":"ImageObject","inLanguage":"hr","@id":"https:\/\/realestate.petramresort.com\/#\/schema\/logo\/image\/","url":"https:\/\/realestate.petramresort.com\/wp-content\/uploads\/2023\/12\/Petram-logo.svg","contentUrl":"https:\/\/realestate.petramresort.com\/wp-content\/uploads\/2023\/12\/Petram-logo.svg","width":1144,"height":447,"caption":"Petram Resort & Residences"},"image":{"@id":"https:\/\/realestate.petramresort.com\/#\/schema\/logo\/image\/"}}]}},"_links":{"self":[{"href":"https:\/\/realestate.petramresort.com\/hr\/wp-json\/wp\/v2\/pages\/10130","targetHints":{"allow":["GET"]}}],"collection":[{"href":"https:\/\/realestate.petramresort.com\/hr\/wp-json\/wp\/v2\/pages"}],"about":[{"href":"https:\/\/realestate.petramresort.com\/hr\/wp-json\/wp\/v2\/types\/page"}],"author":[{"embeddable":true,"href":"https:\/\/realestate.petramresort.com\/hr\/wp-json\/wp\/v2\/users\/1"}],"replies":[{"embeddable":true,"href":"https:\/\/realestate.petramresort.com\/hr\/wp-json\/wp\/v2\/comments?post=10130"}],"version-history":[{"count":9,"href":"https:\/\/realestate.petramresort.com\/hr\/wp-json\/wp\/v2\/pages\/10130\/revisions"}],"predecessor-version":[{"id":33788,"href":"https:\/\/realestate.petramresort.com\/hr\/wp-json\/wp\/v2\/pages\/10130\/revisions\/33788"}],"wp:attachment":[{"href":"https:\/\/realestate.petramresort.com\/hr\/wp-json\/wp\/v2\/media?parent=10130"}],"curies":[{"name":"wp","href":"https:\/\/api.w.org\/{rel}","templated":true}]}}