{"id":10150,"date":"2023-12-12T11:17:44","date_gmt":"2023-12-12T11:17:44","guid":{"rendered":"https:\/\/realestate.petramresort.com\/terms-conditions\/"},"modified":"2025-01-24T09:34:21","modified_gmt":"2025-01-24T09:34:21","slug":"terms-conditions","status":"publish","type":"page","link":"https:\/\/realestate.petramresort.com\/hr\/terms-conditions\/","title":{"rendered":"Uvjeti kori\u0161tenja"},"content":{"rendered":"\t\t<div data-elementor-type=\"wp-page\" data-elementor-id=\"10150\" class=\"elementor elementor-10150 elementor-5913\" data-elementor-post-type=\"page\">\n\t\t\t\t<div class=\"elementor-element elementor-element-7927fe91 e-con-full header_fullwidth e-flex e-con e-parent\" data-id=\"7927fe91\" data-element_type=\"container\" data-settings=\"{&quot;background_background&quot;:&quot;classic&quot;}\">\n\t\t<div class=\"elementor-element elementor-element-7a21a829 e-con-full e-flex e-con e-child\" data-id=\"7a21a829\" data-element_type=\"container\">\n\t\t\t\t<div data-parallax=\"true\" data-parallax-options=\"{&quot;ease&quot;:[&quot;linear&quot;],&quot;start&quot;:&quot;center center&quot;,&quot;end&quot;:&quot;bottom+=0px top&quot;}\" data-parallax-from=\"{&quot;y&quot;:&quot;0px&quot;,&quot;transformOrigin&quot;:&quot;50% 50% 0px&quot;}\" data-parallax-to=\"{&quot;y&quot;:&quot;-60px&quot;,&quot;transformOrigin&quot;:&quot;50% 50% 0px&quot;}\" data-custom-animations=\"true\" data-ca-options=\"{&quot;addChildTimelines&quot;:false,&quot;trigger&quot;:&quot;firstChild&quot;,&quot;animationTarget&quot;:&quot;.lqd-split-lines .lqd-lines .split-inner, .lqd-adv-txt-fig&quot;,&quot;duration&quot;:300,&quot;delay&quot;:40,&quot;ease&quot;:[&quot;power4.out&quot;],&quot;initValues&quot;:{&quot;x&quot;:&quot;-20px&quot;,&quot;rotationX&quot;:10,&quot;opacity&quot;:0,&quot;transformOrigin&quot;:&quot;50% 50% 0px&quot;},&quot;animations&quot;:{&quot;x&quot;:&quot;0px&quot;,&quot;rotationX&quot;:0,&quot;opacity&quot;:1,&quot;transformOrigin&quot;:&quot;50% 50% 0px&quot;}}\" class=\"elementor-element elementor-element-2a14d961 elementor-widget elementor-widget-hub_fancy_heading lqd-el-has-inner-anim\" data-id=\"2a14d961\" data-element_type=\"widget\" data-settings=\"{&quot;enable_split&quot;:&quot;true&quot;,&quot;split_type&quot;:&quot;lines&quot;}\" data-widget_type=\"hub_fancy_heading.default\">\n\t\t\t\t<div class=\"elementor-widget-container\">\n\t\t\t\t\t\n\t\t<div id=\"ld-fancy-heading-69e31c14b104f\" class=\"ld-fancy-heading pos-rel\">\n\t\t\t<h2 class=\"ld-fh-element d-inline-block pos-rel  elementor-heading-title lqd-highlight-classic lqd-highlight-grow-left lqd-split-lines h2\"  data-split-text=\"true\" data-split-options='{\"type\":\"lines\"}'> Uvjeti kori\u0161tenja<\/h2>\t\t<\/div>\n\n\t\t\t\t\t\t<\/div>\n\t\t\t\t<\/div>\n\t\t\t\t<\/div>\n\t\t\t\t<\/div>\n\t\t<div class=\"elementor-element elementor-element-ea90b4e e-flex e-con-boxed e-con e-parent\" data-id=\"ea90b4e\" data-element_type=\"container\">\n\t\t\t\t\t<div class=\"e-con-inner\">\n\t\t\t\t<div class=\"elementor-element elementor-element-f44d8d2 elementor-widget elementor-widget-text-editor\" data-id=\"f44d8d2\" data-element_type=\"widget\" data-widget_type=\"text-editor.default\">\n\t\t\t\t<div class=\"elementor-widget-container\">\n\t\t\t\t\t\t\t\t\t<p>\u010cISTA VODA PROJEKT d.o.o. Savudrija, Alberi 300, OIB: 10116776883, kao upravitelj objekata koji se objedinjeno nazivaju PETRAM RESORT &amp; RESIDENCES (upravitelj i objekti dalje zajedno: PETRAM RESORT &amp; RESIDENCES), posve\u0107en je za\u0161titi i po\u0161tivanju Va\u0161e privatnosti. Va\u0161e \u0107emo osobne podatke koristiti samo za pru\u017eanje proizvoda i usluga koje ste zatra\u017eili.<\/p><p>PETRAM RESORT &amp; RESIDENCES \u010dini informacije i usluge dostupnima na web stranici <a href=\"https:\/\/realestate.petramresort.com\/\">www.petramresort.com<\/a> (&#8220;Web stranica&#8221;), podlo\u017eno sljede\u0107im uvjetima i odredbama. Pristup i bilo kakvo kori\u0161tenje ove web stranice podrazumijeva izri\u010dito i bezrezervno prihva\u0107anje ovih uvjeta i odredbi.<\/p><p>Molimo vas da ne koristite Web stranicu ako se ne sla\u017eete sa istima.<\/p><p>PETRAM RESORT &amp; RESIDENCES zadr\u017eava pravo, prema vlastitom naho\u0111enju, promijeniti, izmijeniti, dodati ili ukloniti bilo koji od ovih uvjeta i odredbi ili bilo koje informacije sadr\u017eane na Web stranici u bilo kojem trenutku bez prethodne obavijesti. Ako nije druga\u010dije nazna\u010deno, takve \u0107e promjene stupiti na snagu odmah nakon objavljivanja promjena na Web stranici. Stoga vas molimo da povremeno provjerite ima li takvih promjena na Web stranici. Daljnje kori\u0161tenje Web stranice podrazumijeva da prihva\u0107ate revidirane uvjete i odredbe.<\/p><p><strong>SADR\u017dAJ WEB STRANICE<\/strong><\/p><p>Informacije koje PETRAM RESORT &amp; RESIDENCES objavljuje na Web stranici smatraju se to\u010dnima i pouzdanima u vrijeme njihova uno\u0161enja.<\/p><p>PETRAM RESORT &amp; RESIDENCES, me\u0111utim, upozorava da postoji mogu\u0107nost odstupanja od to\u010dnosti, istinitosti ili pouzdanosti bilo kojeg od podataka pohranjenih na ovim stranicama u trenutku kada im korisnik pristupa.<\/p><p>Informacije dostupne na stranicama ne smiju se smatrati temeljem za dono\u0161enje va\u017enih osobnih ili poslovnih odluka te kori\u0161tenjem Web stranice izra\u017eavate suglasnost da PETRAM RESORT &amp; RESIDENCES ne\u0107e biti odgovoran za eventualno neostvarenje Va\u0161ih o\u010dekivanja.<\/p><p>PETRAM RESORT &amp; RESIDENCES mo\u017ee u svako vrijeme, bez prethodne najave, a\u017eurirati ili izmijeniti podatke na ovim stranicama.<\/p><p>PETRAM RESORT &amp; RESIDENCES se u potpunosti odri\u010de svake odgovornosti koja na bilo koji na\u010din mo\u017ee nastati iz, ili je na bilo koji na\u010din vezana za kori\u0161tenje ove Web stranice, za bilo koje radnje korisnika uporabom ili zlouporabom sadr\u017eaja ove Web stranice, te za bilo kakvu \u0161tetu koja mo\u017ee nastati korisniku ili bilo kojoj tre\u0107oj strani u vezi s uporabom ili zlouporabom sadr\u017eaja ove Web stranice.<\/p><p><strong>USLUGA REZERVACIJE<\/strong><\/p><p>Usluge rezervacije putem Web stranice dostupne su samo osobama koje su punoljetne i mogu sklapati pravno obvezuju\u0107e ugovore prema va\u017ee\u0107em pravu.<\/p><p>Kori\u0161tenjem Web stranice, jam\u010dite da ste ovla\u0161teni izvr\u0161iti rezervacije za sebe ili za drugu osobu za koju ste ovla\u0161teni djelovati. Sla\u017eete se da \u0107ete biti financijski odgovorni za rezervacije koje ostvarite kori\u0161tenjem Web stranice. Ujedno, u\u010dinjenom rezervacijom jam\u010dite da su sve informacije koje ste naveli prilikom kori\u0161tenja Web stranice istinite i to\u010dne.<\/p><p><strong>NEOVLA\u0160TENO i ZABRANJENO PONA\u0160ANJE<\/strong><\/p><p>Web stranicu ne smijete koristiti u jednu svrhu koja je nezakonita ili predstavlja neovla\u0161teno kori\u0161tenje te ste isklju\u010divo odgovorni za posljedice eventualnog takvog kori\u0161tenja.<\/p><p>Zabranjeno pona\u0161anje uklju\u010duje, ali nije ograni\u010deno na:<\/p><p>\u00b7 kori\u0161tenje bilo kojeg ure\u0111aja, softvera ili rutine za pra\u0107enje, kopiranje, ometanje, izmjenu, uni\u0161tavanje, naru\u0161avanje, ograni\u010davanje, neovla\u0161teno mijenjanje, ometanje ili poku\u0161aj ometanja Web stranice, njezinog sadr\u017eaja ili njezina rada, bez prethodnog izri\u010ditog pisanog pristanka PETRAM RESORT &amp; RESIDENCES;<\/p><p>\u00b7 kori\u0161tenje bilo kojeg robota, &#8220;pauka&#8221;, automatskog ure\u0111aja ili automatskog ili ru\u010dnog postupka za pra\u0107enje ili kopiranje web stranice ili bilo koje informacije sadr\u017eane u njoj, bez prethodnog izri\u010ditog pisanog pristanka PETRAM RESORT &amp; RESIDENCES;<\/p><p>\u00b7 kori\u0161tenje bilo kakvih ra\u010dunalnih virusa, &#8220;crva&#8221;, &#8220;tempiranih bombi&#8221; i \/ ili drugih rutina ra\u010dunalnog programiranja koje o\u0161te\u0107uju, presre\u0107u, ometaju ili \u0161tete (ili su namijenjene za bilo koji od prethodnih) pravilnog rada Web stranice;<\/p><p>\u00b7 kori\u0161tenje Web stranice na bilo koji prijete\u0107i, klevetni\u010dki, opsceni, pornografski, diskriminiraju\u0107i ili na drugi uvredljiv na\u010din;<\/p><p>\u00b7 cjelokupan sadr\u017eaj objavljen na Web stranici ne smije se distribuirati ili na bilo koji na\u010din koristiti u komercijalne svrhe bez izri\u010ditog pismenog pristanka PETRAM RESORT &amp; RESIDENCES ili na bilo koji na\u010din koji mo\u017ee uzrokovati \u0161tetu PETRAM RESORT &amp; RESIDENCES ili bilo kojoj tre\u0107oj strani.<\/p><p>\u00b7 Dokumenti, podaci, fotografije i informacije objavljeni na Web stranici mogu se koristiti samo za individualne potrebe korisnika uz po\u0161tovanje svih autorskih i srodnih prava te prava tre\u0107ih osoba sukladno pravnim propisima Republike Hrvatske.<\/p><p>\u00b7 Zabranjena je reprodukcija, umno\u017eavanje ili distribucija dizajna ili podloge stranica PETRAM RESORT &amp; RESIDENCES, pojedina\u010dnih elemenata stranica i dizajna logotipa bez izri\u010ditog pisanog odobrenja PETRAM RESORT &amp; RESIDENCES. Osim u slu\u010daju druk\u010dijeg sporazuma, dokumenti, podaci i informacije objavljeni na Web stranicama smiju se koristiti samo za osobne potrebe, uz po\u0161tovanje svih autorskih i vlasni\u010dkih prava te prava tre\u0107ih osoba.<\/p><p>\u00b7 sudjelovanje u bilo kakvom pona\u0161anju koje kr\u0161i bilo koji primjenjivi zakon.<\/p><p><strong>INTELEKTUALNO VLASNI\u0160TVO<\/strong><\/p><p>Sva autorska prava i druga prava intelektualnog vlasni\u0161tva u svim tekstovima, slikama, zvuku, softveru i drugim materijalima sadr\u017eanim na Web stranici u vlasni\u0161tvu su PETRAM RESORT &amp; RESIDENCES ili su uklju\u010dena odnosno prenesena uz dopu\u0161tenje vlasnika odnosno nositelja prava. Ne smijete kopirati, reproducirati, mijenjati, javno komunicirati, transformirati ili distribuirati, na bilo koji na\u010din i pod bilo kojim oblikom, sve ili dio materijala uklju\u010denih na Web stranici, ako PETRAM RESORT &amp; RESIDENCES, ili, prema potrebi, nositelj relevantnih prava, prethodno nije dao svoje izri\u010dito dopu\u0161tenje u pisanom obliku.<\/p><p><strong>POLITIKA PRIVATNOSTI<\/strong><\/p><p>Za potpuni uvid u politiku privatnosti PETRAM RESORT &amp; RESIDENCES, kliknite <a href=\"\/privacy-policy\/\">ovdje<\/a>.<\/p><p><strong>POLITIKA KOLA\u010cI\u0106A<\/strong><\/p><p>Na na\u0161oj web stranici koriste se tzv. kola\u010di\u0107i (cookies) \u2013 tekstualne datoteke koje na ra\u010dunalo korisnika smje\u0161ta internetski poslu\u017eitelj (server), putem kojeg davatelj usluge pristupa Internetu (ISP) prikazuje Web stranicu.<\/p><p>Kola\u010di\u0107i nastaju kada preglednik na ure\u0111aju korisnika u\u010dita posje\u0107eno mre\u017eno odredi\u0161te, koje potom \u0161alje podatke pregledniku te izra\u0111uje tekstualnu datoteku (kola\u010di\u0107). Preglednik dohva\u0107a i \u0161alje kola\u010di\u0107 na poslu\u017eitelj internetske stranice prilikom povratka korisnika na njega.<\/p><p>Vi\u0161e informacija o kola\u010di\u0107ima mo\u017eete prona\u0107i <a href=\"\/cookie-policy\/\">ovdje<\/a>.<\/p><p><strong>MJERODAVNO PRAVO<\/strong><\/p><p>Ovime prihva\u0107ate i podvrgavate se hrvatskom materijalnom pravu kao isklju\u010divo mjerodavnom za tuma\u010denje, primjenu i pravne u\u010dinke svih dopu\u0161tenja, isklju\u010denja i uvjeta upotrebe ove Web<\/p><p>stranice. Za sve mo\u017eebitne zahtjeve i sporove koji nastanu kao rezultat upotrebe predmetne Web stranice ili u vezi s njom, isklju\u010divo su nadle\u017eni sudovi u Republici Hrvatskoj.<\/p><p>PETRAM RESORT &amp; RESIDENCES ne jam\u010di da su materijali sadr\u017eani na ovim stranicama primjereni ili korisni\u010dki dostupni na odre\u0111enim lokacijama, odnosno ne odgovara za pristup njima s teritorija dr\u017eava gdje je njihov sadr\u017eaj zabranjen. Smatrat \u0107e se da je pristup stranicama s navedenih lokacija poduzet samovoljno, uz odgovornost korisnika prema mjerodavnom pravu.<\/p><p><strong>VA\u017dE\u0106E ZAKONSKE ODREDBE<\/strong><\/p><p>Ukoliko bi u me\u0111uvremenu, bilo koji dio ovih uvjeta i odredbi trebao biti progla\u0161en neva\u017ee\u0107im na temelju relevantnih zakona, utoliko \u0107e isti biti uklonjen bez utjecaja na ostale uvjete i odredbe. Preostali uvjeti i odredbe i dalje \u0107e biti valjani i provedivi.<\/p>\t\t\t\t\t\t\t\t<\/div>\n\t\t\t\t<\/div>\n\t\t\t\t\t<\/div>\n\t\t\t\t<\/div>\n\t\t<div class=\"elementor-element elementor-element-3b1d053 transp_el elementor-hidden-desktop elementor-hidden-tablet elementor-hidden-mobile e-flex e-con-boxed e-con e-parent\" data-id=\"3b1d053\" data-element_type=\"container\" data-settings=\"{&quot;background_background&quot;:&quot;classic&quot;}\">\n\t\t\t\t\t<div class=\"e-con-inner\">\n\t\t<div class=\"elementor-element elementor-element-d82a662 e-con-full e-flex e-con e-child\" data-id=\"d82a662\" data-element_type=\"container\" data-settings=\"{&quot;background_background&quot;:&quot;classic&quot;}\">\n\t\t\t\t<div data-custom-animations=\"true\" data-ca-options=\"{&quot;addChildTimelines&quot;:false,&quot;trigger&quot;:&quot;firstChild&quot;,&quot;animationTarget&quot;:&quot;:scope &gt; .elementor-widget-container&quot;,&quot;duration&quot;:200,&quot;delay&quot;:20,&quot;ease&quot;:&quot;circ.out&quot;,&quot;initValues&quot;:{&quot;x&quot;:&quot;-10px&quot;,&quot;y&quot;:&quot;30px&quot;,&quot;rotationX&quot;:10,&quot;opacity&quot;:0,&quot;transformOrigin&quot;:&quot;50% 50% 0px&quot;},&quot;animations&quot;:{&quot;x&quot;:&quot;0px&quot;,&quot;y&quot;:&quot;0px&quot;,&quot;rotationX&quot;:0,&quot;opacity&quot;:1,&quot;transformOrigin&quot;:&quot;50% 50% 0px&quot;}}\" class=\"elementor-element elementor-element-2f71319 elementor-widget__width-inherit elementor-widget-mobile__width-inherit elementor-widget elementor-widget-hub_fancy_heading\" data-id=\"2f71319\" data-element_type=\"widget\" data-widget_type=\"hub_fancy_heading.default\">\n\t\t\t\t<div class=\"elementor-widget-container\">\n\t\t\t\t\t\n\t\t<div id=\"ld-fancy-heading-69e31c14b2384\" class=\"ld-fancy-heading pos-rel\">\n\t\t\t<h3 class=\"ld-fh-element d-inline-block pos-rel  elementor-heading-title lqd-highlight-classic lqd-highlight-grow-left h3\"  > Iskusite autenti\u010dnost Istre i aktivno odmarajte<\/h3>\t\t<\/div>\n\n\t\t\t\t\t\t<\/div>\n\t\t\t\t<\/div>\n\t\t\t\t<div class=\"elementor-element elementor-element-e7f1782 elementor-widget elementor-widget-text-editor\" data-id=\"e7f1782\" data-element_type=\"widget\" data-widget_type=\"text-editor.default\">\n\t\t\t\t<div class=\"elementor-widget-container\">\n\t\t\t\t\t\t\t\t\t<p>Toliko je toga za okusiti i iskusiti u Istri! Mo\u017eete do\u0107i od sezone \u0161paroga u prolje\u0107e do sezone tartufa najesen. Za ljetnih mjeseci ili kad se za\u017eelite mira, ti\u0161ine i savr\u0161enog gastronomskog iskustva.<\/p><p>Trening i rekreacija u Petramu nisu obaveza ve\u0107 jo\u0161 jedno zadovoljstvo!<\/p><p>U neposrednoj blizini Petram Resort &amp; Residences nalazi se prvo istarsko golf igrali\u0161te s 18 rupa na kojem \u0107e u\u017eivati i najzahtjevniji golferi, a dostupni su vam i teniski tereni, satovi yoge i najam bicikla za istra\u017eivanje prekrasne prirode koja nas okru\u017euje.<\/p>\t\t\t\t\t\t\t\t<\/div>\n\t\t\t\t<\/div>\n\t\t\t\t<\/div>\n\t\t\t\t\t<\/div>\n\t\t\t\t<\/div>\n\t\t\t\t<\/div>\n\t\t","protected":false},"excerpt":{"rendered":"<p>Uvjeti kori\u0161tenja \u010cISTA VODA PROJEKT d.o.o. Savudrija, Alberi 300, OIB: 10116776883, kao upravitelj objekata koji se objedinjeno nazivaju PETRAM RESORT &amp; RESIDENCES (upravitelj i objekti dalje zajedno: PETRAM RESORT &amp; RESIDENCES), posve\u0107en je za\u0161titi i po\u0161tivanju Va\u0161e privatnosti. Va\u0161e \u0107emo osobne podatke koristiti samo za pru\u017eanje proizvoda i usluga koje ste zatra\u017eili. PETRAM RESORT &amp; [&hellip;]<\/p>\n","protected":false},"author":1,"featured_media":0,"parent":0,"menu_order":0,"comment_status":"closed","ping_status":"closed","template":"","meta":{"_acf_changed":false,"footnotes":""},"class_list":["post-10150","page","type-page","status-publish","hentry"],"acf":[],"yoast_head":"<!-- This site is optimized with the Yoast SEO plugin v26.8 - https:\/\/yoast.com\/product\/yoast-seo-wordpress\/ -->\n<title>Uvjeti kori\u0161tenja - Petram Real Estate<\/title>\n<meta name=\"description\" content=\"\u010cISTA VODA PROJEKT d.o.o. Savudrija, Alberi 300, OIB: 10116776883, kao upravitelj objekata koji se objedinjeno nazivaju PETRAM RESORT &amp; RESIDENCES\" \/>\n<meta name=\"robots\" content=\"index, follow, max-snippet:-1, max-image-preview:large, max-video-preview:-1\" \/>\n<link rel=\"canonical\" href=\"https:\/\/realestate.petramresort.com\/terms-conditions\/\" \/>\n<meta property=\"og:locale\" content=\"hr_HR\" \/>\n<meta property=\"og:type\" content=\"article\" \/>\n<meta property=\"og:title\" content=\"Uvjeti kori\u0161tenja - Petram Real Estate\" \/>\n<meta property=\"og:description\" content=\"\u010cISTA VODA PROJEKT d.o.o. Savudrija, Alberi 300, OIB: 10116776883, kao upravitelj objekata koji se objedinjeno nazivaju PETRAM RESORT &amp; RESIDENCES\" \/>\n<meta property=\"og:url\" content=\"https:\/\/realestate.petramresort.com\/terms-conditions\/\" \/>\n<meta property=\"og:site_name\" content=\"Petram Real Estate\" \/>\n<meta property=\"article:modified_time\" content=\"2025-01-24T09:34:21+00:00\" \/>\n<meta name=\"twitter:card\" content=\"summary_large_image\" \/>\n<meta name=\"twitter:label1\" content=\"Procijenjeno vrijeme \u010ditanja\" \/>\n\t<meta name=\"twitter:data1\" content=\"7 minuta\" \/>\n<script type=\"application\/ld+json\" class=\"yoast-schema-graph\">{\"@context\":\"https:\/\/schema.org\",\"@graph\":[{\"@type\":\"WebPage\",\"@id\":\"https:\/\/realestate.petramresort.com\/terms-conditions\/\",\"url\":\"https:\/\/realestate.petramresort.com\/terms-conditions\/\",\"name\":\"Uvjeti kori\u0161tenja - Petram Real Estate\",\"isPartOf\":{\"@id\":\"https:\/\/realestate.petramresort.com\/#website\"},\"datePublished\":\"2023-12-12T11:17:44+00:00\",\"dateModified\":\"2025-01-24T09:34:21+00:00\",\"description\":\"\u010cISTA VODA PROJEKT d.o.o. Savudrija, Alberi 300, OIB: 10116776883, kao upravitelj objekata koji se objedinjeno nazivaju PETRAM RESORT & RESIDENCES\",\"breadcrumb\":{\"@id\":\"https:\/\/realestate.petramresort.com\/terms-conditions\/#breadcrumb\"},\"inLanguage\":\"hr\",\"potentialAction\":[{\"@type\":\"ReadAction\",\"target\":[\"https:\/\/realestate.petramresort.com\/terms-conditions\/\"]}]},{\"@type\":\"BreadcrumbList\",\"@id\":\"https:\/\/realestate.petramresort.com\/terms-conditions\/#breadcrumb\",\"itemListElement\":[{\"@type\":\"ListItem\",\"position\":1,\"name\":\"Home\",\"item\":\"https:\/\/realestate.petramresort.com\/\"},{\"@type\":\"ListItem\",\"position\":2,\"name\":\"Uvjeti kori\u0161tenja\"}]},{\"@type\":\"WebSite\",\"@id\":\"https:\/\/realestate.petramresort.com\/#website\",\"url\":\"https:\/\/realestate.petramresort.com\/\",\"name\":\"Petram Real Estate\",\"description\":\"\",\"publisher\":{\"@id\":\"https:\/\/realestate.petramresort.com\/#organization\"},\"potentialAction\":[{\"@type\":\"SearchAction\",\"target\":{\"@type\":\"EntryPoint\",\"urlTemplate\":\"https:\/\/realestate.petramresort.com\/?s={search_term_string}\"},\"query-input\":{\"@type\":\"PropertyValueSpecification\",\"valueRequired\":true,\"valueName\":\"search_term_string\"}}],\"inLanguage\":\"hr\"},{\"@type\":\"Organization\",\"@id\":\"https:\/\/realestate.petramresort.com\/#organization\",\"name\":\"Petram Resort & Residences\",\"url\":\"https:\/\/realestate.petramresort.com\/\",\"logo\":{\"@type\":\"ImageObject\",\"inLanguage\":\"hr\",\"@id\":\"https:\/\/realestate.petramresort.com\/#\/schema\/logo\/image\/\",\"url\":\"https:\/\/realestate.petramresort.com\/wp-content\/uploads\/2023\/12\/Petram-logo.svg\",\"contentUrl\":\"https:\/\/realestate.petramresort.com\/wp-content\/uploads\/2023\/12\/Petram-logo.svg\",\"width\":1144,\"height\":447,\"caption\":\"Petram Resort & Residences\"},\"image\":{\"@id\":\"https:\/\/realestate.petramresort.com\/#\/schema\/logo\/image\/\"}}]}<\/script>\n<!-- \/ Yoast SEO plugin. -->","yoast_head_json":{"title":"Uvjeti kori\u0161tenja - Petram Real Estate","description":"\u010cISTA VODA PROJEKT d.o.o. Savudrija, Alberi 300, OIB: 10116776883, kao upravitelj objekata koji se objedinjeno nazivaju PETRAM RESORT & RESIDENCES","robots":{"index":"index","follow":"follow","max-snippet":"max-snippet:-1","max-image-preview":"max-image-preview:large","max-video-preview":"max-video-preview:-1"},"canonical":"https:\/\/realestate.petramresort.com\/terms-conditions\/","og_locale":"hr_HR","og_type":"article","og_title":"Uvjeti kori\u0161tenja - Petram Real Estate","og_description":"\u010cISTA VODA PROJEKT d.o.o. Savudrija, Alberi 300, OIB: 10116776883, kao upravitelj objekata koji se objedinjeno nazivaju PETRAM RESORT & RESIDENCES","og_url":"https:\/\/realestate.petramresort.com\/terms-conditions\/","og_site_name":"Petram Real Estate","article_modified_time":"2025-01-24T09:34:21+00:00","twitter_card":"summary_large_image","twitter_misc":{"Procijenjeno vrijeme \u010ditanja":"7 minuta"},"schema":{"@context":"https:\/\/schema.org","@graph":[{"@type":"WebPage","@id":"https:\/\/realestate.petramresort.com\/terms-conditions\/","url":"https:\/\/realestate.petramresort.com\/terms-conditions\/","name":"Uvjeti kori\u0161tenja - Petram Real Estate","isPartOf":{"@id":"https:\/\/realestate.petramresort.com\/#website"},"datePublished":"2023-12-12T11:17:44+00:00","dateModified":"2025-01-24T09:34:21+00:00","description":"\u010cISTA VODA PROJEKT d.o.o. Savudrija, Alberi 300, OIB: 10116776883, kao upravitelj objekata koji se objedinjeno nazivaju PETRAM RESORT & RESIDENCES","breadcrumb":{"@id":"https:\/\/realestate.petramresort.com\/terms-conditions\/#breadcrumb"},"inLanguage":"hr","potentialAction":[{"@type":"ReadAction","target":["https:\/\/realestate.petramresort.com\/terms-conditions\/"]}]},{"@type":"BreadcrumbList","@id":"https:\/\/realestate.petramresort.com\/terms-conditions\/#breadcrumb","itemListElement":[{"@type":"ListItem","position":1,"name":"Home","item":"https:\/\/realestate.petramresort.com\/"},{"@type":"ListItem","position":2,"name":"Uvjeti kori\u0161tenja"}]},{"@type":"WebSite","@id":"https:\/\/realestate.petramresort.com\/#website","url":"https:\/\/realestate.petramresort.com\/","name":"Petram Real Estate","description":"","publisher":{"@id":"https:\/\/realestate.petramresort.com\/#organization"},"potentialAction":[{"@type":"SearchAction","target":{"@type":"EntryPoint","urlTemplate":"https:\/\/realestate.petramresort.com\/?s={search_term_string}"},"query-input":{"@type":"PropertyValueSpecification","valueRequired":true,"valueName":"search_term_string"}}],"inLanguage":"hr"},{"@type":"Organization","@id":"https:\/\/realestate.petramresort.com\/#organization","name":"Petram Resort & Residences","url":"https:\/\/realestate.petramresort.com\/","logo":{"@type":"ImageObject","inLanguage":"hr","@id":"https:\/\/realestate.petramresort.com\/#\/schema\/logo\/image\/","url":"https:\/\/realestate.petramresort.com\/wp-content\/uploads\/2023\/12\/Petram-logo.svg","contentUrl":"https:\/\/realestate.petramresort.com\/wp-content\/uploads\/2023\/12\/Petram-logo.svg","width":1144,"height":447,"caption":"Petram Resort & Residences"},"image":{"@id":"https:\/\/realestate.petramresort.com\/#\/schema\/logo\/image\/"}}]}},"_links":{"self":[{"href":"https:\/\/realestate.petramresort.com\/hr\/wp-json\/wp\/v2\/pages\/10150","targetHints":{"allow":["GET"]}}],"collection":[{"href":"https:\/\/realestate.petramresort.com\/hr\/wp-json\/wp\/v2\/pages"}],"about":[{"href":"https:\/\/realestate.petramresort.com\/hr\/wp-json\/wp\/v2\/types\/page"}],"author":[{"embeddable":true,"href":"https:\/\/realestate.petramresort.com\/hr\/wp-json\/wp\/v2\/users\/1"}],"replies":[{"embeddable":true,"href":"https:\/\/realestate.petramresort.com\/hr\/wp-json\/wp\/v2\/comments?post=10150"}],"version-history":[{"count":3,"href":"https:\/\/realestate.petramresort.com\/hr\/wp-json\/wp\/v2\/pages\/10150\/revisions"}],"predecessor-version":[{"id":26162,"href":"https:\/\/realestate.petramresort.com\/hr\/wp-json\/wp\/v2\/pages\/10150\/revisions\/26162"}],"wp:attachment":[{"href":"https:\/\/realestate.petramresort.com\/hr\/wp-json\/wp\/v2\/media?parent=10150"}],"curies":[{"name":"wp","href":"https:\/\/api.w.org\/{rel}","templated":true}]}}