{"id":19486,"date":"2023-12-12T11:17:44","date_gmt":"2023-12-12T11:17:44","guid":{"rendered":"https:\/\/realestate.petramresort.com\/terms-conditions\/"},"modified":"2025-01-24T09:37:14","modified_gmt":"2025-01-24T09:37:14","slug":"terms-conditions","status":"publish","type":"page","link":"https:\/\/realestate.petramresort.com\/sl\/terms-conditions\/","title":{"rendered":"Pogoji uporabe"},"content":{"rendered":"\t\t<div data-elementor-type=\"wp-page\" data-elementor-id=\"19486\" class=\"elementor elementor-19486 elementor-5913\" data-elementor-post-type=\"page\">\n\t\t\t\t<div class=\"elementor-element elementor-element-7927fe91 e-con-full header_fullwidth e-flex e-con e-parent\" data-id=\"7927fe91\" data-element_type=\"container\" data-settings=\"{&quot;background_background&quot;:&quot;classic&quot;}\">\n\t\t<div class=\"elementor-element elementor-element-7a21a829 e-con-full e-flex e-con e-child\" data-id=\"7a21a829\" data-element_type=\"container\">\n\t\t\t\t<div data-parallax=\"true\" data-parallax-options=\"{&quot;ease&quot;:[&quot;linear&quot;],&quot;start&quot;:&quot;center center&quot;,&quot;end&quot;:&quot;bottom+=0px top&quot;}\" data-parallax-from=\"{&quot;y&quot;:&quot;0px&quot;,&quot;transformOrigin&quot;:&quot;50% 50% 0px&quot;}\" data-parallax-to=\"{&quot;y&quot;:&quot;-60px&quot;,&quot;transformOrigin&quot;:&quot;50% 50% 0px&quot;}\" data-custom-animations=\"true\" data-ca-options=\"{&quot;addChildTimelines&quot;:false,&quot;trigger&quot;:&quot;firstChild&quot;,&quot;animationTarget&quot;:&quot;.lqd-split-lines .lqd-lines .split-inner, .lqd-adv-txt-fig&quot;,&quot;duration&quot;:300,&quot;delay&quot;:40,&quot;ease&quot;:[&quot;power4.out&quot;],&quot;initValues&quot;:{&quot;x&quot;:&quot;-20px&quot;,&quot;rotationX&quot;:10,&quot;opacity&quot;:0,&quot;transformOrigin&quot;:&quot;50% 50% 0px&quot;},&quot;animations&quot;:{&quot;x&quot;:&quot;0px&quot;,&quot;rotationX&quot;:0,&quot;opacity&quot;:1,&quot;transformOrigin&quot;:&quot;50% 50% 0px&quot;}}\" class=\"elementor-element elementor-element-2a14d961 elementor-widget elementor-widget-hub_fancy_heading lqd-el-has-inner-anim\" data-id=\"2a14d961\" data-element_type=\"widget\" data-settings=\"{&quot;enable_split&quot;:&quot;true&quot;,&quot;split_type&quot;:&quot;lines&quot;}\" data-widget_type=\"hub_fancy_heading.default\">\n\t\t\t\t<div class=\"elementor-widget-container\">\n\t\t\t\t\t\n\t\t<div id=\"ld-fancy-heading-69e30ac1bb7a6\" class=\"ld-fancy-heading pos-rel\">\n\t\t\t<h2 class=\"ld-fh-element d-inline-block pos-rel  elementor-heading-title lqd-highlight-classic lqd-highlight-grow-left lqd-split-lines h2\"  data-split-text=\"true\" data-split-options='{\"type\":\"lines\"}'> Pogoji uporabe<\/h2>\t\t<\/div>\n\n\t\t\t\t\t\t<\/div>\n\t\t\t\t<\/div>\n\t\t\t\t<\/div>\n\t\t\t\t<\/div>\n\t\t<div class=\"elementor-element elementor-element-ea90b4e e-flex e-con-boxed e-con e-parent\" data-id=\"ea90b4e\" data-element_type=\"container\">\n\t\t\t\t\t<div class=\"e-con-inner\">\n\t\t\t\t<div class=\"elementor-element elementor-element-f44d8d2 elementor-widget elementor-widget-text-editor\" data-id=\"f44d8d2\" data-element_type=\"widget\" data-widget_type=\"text-editor.default\">\n\t\t\t\t<div class=\"elementor-widget-container\">\n\t\t\t\t\t\t\t\t\t<p>\u010cISTA VODA PROJEKT d.o.o., Savudrija, Alberi 300, OIB: 10116776883, kot upravljavec objektov, kolektivno znanih kot PETRAM RESORT &amp; RESIDENCES (v nadaljevanju skupno imenovani: PETRAM RESORT &amp; RESIDENCES), se zavzema za za\u0161\u010dito in spo\u0161tovanje va\u0161e zasebnosti. Va\u0161e osebne podatke bomo uporabili izklju\u010dno v namen zagotavljanja izdelkov in storitev, ki ste jih zahtevali.<\/p><p>PETRAM RESORT &amp; RESIDENCES omogo\u010da dostop do informacij in storitev na spletni strani <a href=\"https:\/\/realestate.petramresort.com\/\">www.petramresort.com<\/a> (&#8220;Spletna stran&#8221;), pod naslednjimi pogoji in dolo\u010dili. Dostop do in uporaba te spletne strani pomeni izrecno in brezpogojno sprejetje teh pogojev in dolo\u010dil.<\/p><p>\u010ce se ne strinjate s temi pogoji in dolo\u010dili, vas prosimo, da ne uporabljate spletne strani.<\/p><p>PETRAM RESORT &amp; RESIDENCES si pridr\u017euje pravico, da po lastni presoji spremeni, spremeni, doda ali odstrani kateri koli od teh pogojev in dolo\u010dil ali kakr\u0161ne koli informacije na spletni strani kadarkoli brez predhodnega obvestila. Razen \u010de ni druga\u010de navedeno, spremembe za\u010dnejo veljati takoj po objavi sprememb na spletni strani. Zato vas prosimo, da ob\u010dasno preverite spletno stran zaradi teh sprememb. Nadaljnja uporaba spletne strani pomeni, da sprejemate spremenjene pogoje in dolo\u010dila.<\/p><p><strong>VSEBINA SPLETNE STRANI<\/strong><\/p><p>Informacije, ki jih PETRAM RESORT &amp; RESIDENCES objavi na spletni strani, veljajo za to\u010dne in zanesljive v trenutku njihove objave.<\/p><p>Vendar pa PETRAM RESORT &amp; RESIDENCES opozarja, da lahko pride do odstopanj v to\u010dnosti, resni\u010dnosti ali zanesljivosti katerekoli od podatkov, ki so na voljo na spletni strani ob \u010dasu, ko uporabnik dostopa do spletne strani.<\/p><p>Informacij na spletni strani ni treba obravnavati kot podlago za sprejemanje pomembnih osebnih ali poslovnih odlo\u010ditev, in z uporabo spletne strani se strinjate, da PETRAM RESORT &amp; RESIDENCES ne bo odgovoren za morebitno neusklajenost z va\u0161imi pri\u010dakovanji.<\/p><p>PETRAM RESORT &amp; RESIDENCES lahko kadarkoli, brez predhodnega obvestila, posodobi ali spremeni informacije na spletni strani.<\/p><p>PETRAM RESORT &amp; RESIDENCES se v celoti odpoveduje vsem odgovornostim, ki lahko nastanejo na kakr\u0161en koli na\u010din ali so v kakr\u0161nem koli smislu povezane z uporabo te spletne strani, za kakr\u0161ne koli uporabni\u0161ke akcije z uporabo ali zlorabo vsebine te spletne strani, in za kakr\u0161no koli \u0161kodo, ki lahko nastane uporabniku ali katerikoli tretji osebi v povezavi z uporabo ali zlorabo vsebine te spletne strani.<\/p><p><strong>STORITVE REZERVACIJ<\/strong><\/p><p>Storitev rezervacij preko spletne strani je na voljo samo polnoletnim osebam, ki lahko sklepajo pravno zavezujo\u010de pogodbe v skladu z veljavno zakonodajo.<\/p><p>Z uporabo spletne strani jam\u010dite, da ste poobla\u0161\u010deni za opravljanje rezervacij zase ali za drugo osebo, za katero ste poobla\u0161\u010deni, da delujete v njenem imenu. Strinjate se, da boste finan\u010dno odgovorni za rezervacije, ki jih opravite preko spletne strani. Hkrati z opravljenjem rezervacije jam\u010dite, da so vsi podatki, ki ste jih posredovali ob uporabi spletne strani, to\u010dni in pravilni.<\/p><p><strong>NEPOGOJENA UPORABA IN PREPOVEDANE DEJANJOSTI<\/strong><\/p><p>Spletne strani ni dovoljeno uporabljati za nezakonite namene ali nepoobla\u0161\u010deno uporabo, za katero ste izklju\u010dno odgovorni za posledice take uporabe.<\/p><p>Prepovedano ravnanje vklju\u010duje, vendar ni omejeno na:<\/p><p>\u2022 uporaba katerega koli naprave, programske opreme ali rutine za spremljanje, kopiranje, motenje, spreminjanje, uni\u010denje, poslab\u0161anje, omejevanje, manipulacijo, motenje ali poskus motenja spletne strani, njenega vsebine ali njenega delovanja brez predhodnega izrecnega pisnega soglasja PETRAM RESORT &amp; RESIDENCES;<\/p><p>\u2022 uporaba katerega koli robota, \u201cpajka\u201d, avtomatske naprave ali avtomatskega ali ro\u010dnega postopka za spremljanje ali kopiranje spletne strani ali katere koli informacije na njej, brez predhodnega izrecnega pisnega soglasja PETRAM RESORT &amp; RESIDENCES;<\/p><p>\u2022 uporaba ra\u010dunalni\u0161kih virusov, \u201c\u010drvov\u201d, \u201c\u010dasovnih bomb\u201d in\/ali drugih ra\u010dunalni\u0161kih programskih rutin, ki uni\u010dijo, prestre\u017eejo, motijo ali po\u0161kodujejo (ali so namenjeni temu) pravilno delovanje spletne strani;<\/p><p>\u2022 uporaba spletne strani na kakr\u0161en koli groze\u010d, obrekovalski, nesramen, pornografski, diskriminatoren ali na druga\u010den \u017ealjiv na\u010din;<\/p><p>\u2022 vso vsebino objavljeno na spletni strani ni dovoljeno distribuirati ali na kakr\u0161en koli na\u010din uporabljati za komercialne namene brez izrecnega pisnega soglasja PETRAM RESORT &amp; RESIDENCES ali na kakr\u0161en koli na\u010din, ki bi lahko povzro\u010dil \u0161kodo PETRAM RESORT &amp; RESIDENCES ali tretji osebi;<\/p><p>\u2022 dokumenti, podatki, fotografije in informacije, objavljene na spletni strani, se lahko uporabljajo samo za osebne potrebe uporabnika ob spo\u0161tovanju vseh avtorskih pravic in sorodnih pravic ter pravic tretjih oseb v skladu z zakonodajo Republike Hrva\u0161ke;<\/p><p>\u2022 reprodukcija, mno\u017eenje ali distribucija oblikovanja spletne strani PETRAM RESORT &amp; RESIDENCES ali ozadja, posameznih elementov spletne strani in oblikovanja logotipa brez izrecnega pisnega dovoljenja PETRAM RESORT &amp; RESIDENCES je prepovedana. Razen v primeru druga\u010dnega dogovora se dokumenti, podatki in informacije, objavljeni na spletni strani, lahko uporabljajo samo za osebne namene, ob upo\u0161tevanju vseh avtorskih in lastninskih pravic ter pravic tretjih oseb;<\/p><p>\u2022 ravnanje, ki kr\u0161i katerikoli veljavni zakon.<\/p><p><strong>INTELEKTUALNA LASTNINA<\/strong><\/p><p>Vsa avtorske pravice in druga pravice intelektualne lastnine na vseh besedilih, slikah, zvoku, programski opremi in drugih materialih, vsebovanih na spletni strani, so last PETRAM RESORT &amp; RESIDENCES ali so vklju\u010deni ali objavljeni s soglasjem ustreznega lastnika ali osebe, ki ima pravico do teh pravic. Ne smete kopirati, reproducirati, spreminjati, javno komunicirati, spreminjati ali distribuirati, na kakr\u0161en koli na\u010din in v katerem koli formatu, vse ali del materialov, vklju\u010denih na spletni strani, \u010de PETRAM RESORT &amp; RESIDENCES, ali, po potrebi, prejemnik teh pravic, ni dal izrecnega predhodnega dovoljenja v pisni obliki.<\/p><p><strong>PRAVILA ZASEBNOSTI<\/strong><\/p><p>Za celovit pregled pravil zasebnosti PETRAM RESORT &amp; RESIDENCES, prosimo, kliknite <a href=\"\/privacy-policy\/\">tukaj<\/a>.<\/p><p><strong>POLITIKA PI\u0160KOTKOV<\/strong><\/p><p>Na\u0161a spletna stran uporablja tako imenovane pi\u0161kotke \u2013 besedilne datoteke, ki jih na uporabnikovem ra\u010dunalniku nastavi spletni stre\u017enik, preko katerega ponudnik internetnih storitev (ISP) prika\u017ee spletno stran.<\/p><p>Pi\u0161kotki se ustvarijo, ko brskalnik na uporabnikovi napravi nalo\u017ei obiskano spletno stran, ki nato po\u0161lje podatke brskalniku in ustvari besedilno datoteko (pi\u0161kotek). Brskalnik pridobi in po\u0161lje pi\u0161kotek stre\u017eniku spletne strani, ko se uporabnik vrne nanjo.<\/p><p>Za ve\u010d informacij o pi\u0161kotkih, prosimo, kliknite <a href=\"\/cookie-policy\/\">tukaj<\/a>.<\/p><p><strong>UPRAVNO PRAVO<\/strong><\/p><p>S sprejemom teh pogojev se strinjate in podvr\u017eeni ste hrva\u0161kemu materialnemu pravu, ki je izklju\u010dno uporabno za razlago, uporabo in pravne u\u010dinke vseh dovoljenj, izklju\u010ditev in pogojev uporabe te spletne strani. Sodi\u0161\u010da v Republiki Hrva\u0161ki so izklju\u010dno pristojna za vse morebitne zahtevke in spore, ki lahko nastanejo zaradi uporabe spletne strani ali v povezavi z njo.<\/p><p>PETRAM RESORT &amp; RESIDENCES ne zagotavlja, da so materiali, vsebovani na tej spletni strani, primerni ali dostopni uporabnikom na dolo\u010denih lokacijah, niti ne odgovarja za dostop, opravljen iz dr\u017eav ali ozemelj, kjer je vsebina spletne strani obravnavana kot prepovedana. Dostop do spletne strani z teh lokacij se \u0161teje za prostovoljen in na odgovornost uporabnika, v skladu z veljavnimi zakoni.<\/p><p><strong>UPRAVNE PRAVNE DOLO\u010cBE<\/strong><\/p><p>\u010ce bo kateri koli del teh pogojev razgla\u0161en za neveljavnega na podlagi ustreznih zakonov, bo ta del odstranjen, brez vpliva na veljavnost preostalih pogojev.<\/p>\t\t\t\t\t\t\t\t<\/div>\n\t\t\t\t<\/div>\n\t\t\t\t\t<\/div>\n\t\t\t\t<\/div>\n\t\t<div class=\"elementor-element elementor-element-3b1d053 transp_el elementor-hidden-desktop elementor-hidden-tablet elementor-hidden-mobile e-flex e-con-boxed e-con e-parent\" data-id=\"3b1d053\" data-element_type=\"container\" data-settings=\"{&quot;background_background&quot;:&quot;classic&quot;}\">\n\t\t\t\t\t<div class=\"e-con-inner\">\n\t\t<div class=\"elementor-element elementor-element-d82a662 e-con-full e-flex e-con e-child\" data-id=\"d82a662\" data-element_type=\"container\" data-settings=\"{&quot;background_background&quot;:&quot;classic&quot;}\">\n\t\t\t\t<div data-custom-animations=\"true\" data-ca-options=\"{&quot;addChildTimelines&quot;:false,&quot;trigger&quot;:&quot;firstChild&quot;,&quot;animationTarget&quot;:&quot;:scope &gt; .elementor-widget-container&quot;,&quot;duration&quot;:200,&quot;delay&quot;:20,&quot;ease&quot;:&quot;circ.out&quot;,&quot;initValues&quot;:{&quot;x&quot;:&quot;-10px&quot;,&quot;y&quot;:&quot;30px&quot;,&quot;rotationX&quot;:10,&quot;opacity&quot;:0,&quot;transformOrigin&quot;:&quot;50% 50% 0px&quot;},&quot;animations&quot;:{&quot;x&quot;:&quot;0px&quot;,&quot;y&quot;:&quot;0px&quot;,&quot;rotationX&quot;:0,&quot;opacity&quot;:1,&quot;transformOrigin&quot;:&quot;50% 50% 0px&quot;}}\" class=\"elementor-element elementor-element-2f71319 elementor-widget__width-inherit elementor-widget-mobile__width-inherit elementor-widget elementor-widget-hub_fancy_heading\" data-id=\"2f71319\" data-element_type=\"widget\" data-widget_type=\"hub_fancy_heading.default\">\n\t\t\t\t<div class=\"elementor-widget-container\">\n\t\t\t\t\t\n\t\t<div id=\"ld-fancy-heading-69e30ac1bcb23\" class=\"ld-fancy-heading pos-rel\">\n\t\t\t<h3 class=\"ld-fh-element d-inline-block pos-rel  elementor-heading-title lqd-highlight-classic lqd-highlight-grow-left h3\"  > Iskusite autenti\u010dnost Istre i aktivno odmarajte<\/h3>\t\t<\/div>\n\n\t\t\t\t\t\t<\/div>\n\t\t\t\t<\/div>\n\t\t\t\t<div class=\"elementor-element elementor-element-e7f1782 elementor-widget elementor-widget-text-editor\" data-id=\"e7f1782\" data-element_type=\"widget\" data-widget_type=\"text-editor.default\">\n\t\t\t\t<div class=\"elementor-widget-container\">\n\t\t\t\t\t\t\t\t\t<p>Toliko je toga za okusiti i iskusiti u Istri! Mo\u017eete do\u0107i od sezone \u0161paroga u prolje\u0107e do sezone tartufa najesen. Za ljetnih mjeseci ili kad se za\u017eelite mira, ti\u0161ine i savr\u0161enog gastronomskog iskustva.<\/p><p>Trening i rekreacija u Petramu nisu obaveza ve\u0107 jo\u0161 jedno zadovoljstvo!<\/p><p>U neposrednoj blizini Petram Resort &amp; Residences nalazi se prvo istarsko golf igrali\u0161te s 18 rupa na kojem \u0107e u\u017eivati i najzahtjevniji golferi, a dostupni su vam i teniski tereni, satovi yoge i najam bicikla za istra\u017eivanje prekrasne prirode koja nas okru\u017euje.<\/p>\t\t\t\t\t\t\t\t<\/div>\n\t\t\t\t<\/div>\n\t\t\t\t<\/div>\n\t\t\t\t\t<\/div>\n\t\t\t\t<\/div>\n\t\t\t\t<\/div>\n\t\t","protected":false},"excerpt":{"rendered":"<p>Pogoji uporabe \u010cISTA VODA PROJEKT d.o.o., Savudrija, Alberi 300, OIB: 10116776883, kot upravljavec objektov, kolektivno znanih kot PETRAM RESORT &amp; RESIDENCES (v nadaljevanju skupno imenovani: PETRAM RESORT &amp; RESIDENCES), se zavzema za za\u0161\u010dito in spo\u0161tovanje va\u0161e zasebnosti. Va\u0161e osebne podatke bomo uporabili izklju\u010dno v namen zagotavljanja izdelkov in storitev, ki ste jih zahtevali. PETRAM RESORT [&hellip;]<\/p>\n","protected":false},"author":1,"featured_media":0,"parent":0,"menu_order":0,"comment_status":"closed","ping_status":"closed","template":"","meta":{"_acf_changed":false,"footnotes":""},"class_list":["post-19486","page","type-page","status-publish","hentry"],"acf":[],"yoast_head":"<!-- This site is optimized with the Yoast SEO plugin v26.8 - https:\/\/yoast.com\/product\/yoast-seo-wordpress\/ -->\n<title>Pogoji uporabe - Petram Real Estate<\/title>\n<meta name=\"description\" content=\"\u010cISTA VODA PROJEKT d.o.o. Savudrija, Alberi 300, OIB: 10116776883, kao upravitelj objekata koji se objedinjeno nazivaju PETRAM RESORT &amp; RESIDENCES\" \/>\n<meta name=\"robots\" content=\"index, follow, max-snippet:-1, max-image-preview:large, max-video-preview:-1\" \/>\n<link rel=\"canonical\" href=\"https:\/\/realestate.petramresort.com\/sl\/terms-conditions\/\" \/>\n<meta property=\"og:locale\" content=\"sl_SI\" \/>\n<meta property=\"og:type\" content=\"article\" \/>\n<meta property=\"og:title\" content=\"Pogoji uporabe - Petram Real Estate\" \/>\n<meta property=\"og:description\" content=\"\u010cISTA VODA PROJEKT d.o.o. Savudrija, Alberi 300, OIB: 10116776883, kao upravitelj objekata koji se objedinjeno nazivaju PETRAM RESORT &amp; RESIDENCES\" \/>\n<meta property=\"og:url\" content=\"https:\/\/realestate.petramresort.com\/sl\/terms-conditions\/\" \/>\n<meta property=\"og:site_name\" content=\"Petram Real Estate\" \/>\n<meta property=\"article:modified_time\" content=\"2025-01-24T09:37:14+00:00\" \/>\n<meta name=\"twitter:card\" content=\"summary_large_image\" \/>\n<meta name=\"twitter:label1\" content=\"Est. reading time\" \/>\n\t<meta name=\"twitter:data1\" content=\"7 minut\" \/>\n<script type=\"application\/ld+json\" class=\"yoast-schema-graph\">{\"@context\":\"https:\/\/schema.org\",\"@graph\":[{\"@type\":\"WebPage\",\"@id\":\"https:\/\/realestate.petramresort.com\/sl\/terms-conditions\/\",\"url\":\"https:\/\/realestate.petramresort.com\/sl\/terms-conditions\/\",\"name\":\"Pogoji uporabe - Petram Real Estate\",\"isPartOf\":{\"@id\":\"https:\/\/realestate.petramresort.com\/#website\"},\"datePublished\":\"2023-12-12T11:17:44+00:00\",\"dateModified\":\"2025-01-24T09:37:14+00:00\",\"description\":\"\u010cISTA VODA PROJEKT d.o.o. Savudrija, Alberi 300, OIB: 10116776883, kao upravitelj objekata koji se objedinjeno nazivaju PETRAM RESORT & RESIDENCES\",\"breadcrumb\":{\"@id\":\"https:\/\/realestate.petramresort.com\/sl\/terms-conditions\/#breadcrumb\"},\"inLanguage\":\"sl-SI\",\"potentialAction\":[{\"@type\":\"ReadAction\",\"target\":[\"https:\/\/realestate.petramresort.com\/sl\/terms-conditions\/\"]}]},{\"@type\":\"BreadcrumbList\",\"@id\":\"https:\/\/realestate.petramresort.com\/sl\/terms-conditions\/#breadcrumb\",\"itemListElement\":[{\"@type\":\"ListItem\",\"position\":1,\"name\":\"Home\",\"item\":\"https:\/\/realestate.petramresort.com\/\"},{\"@type\":\"ListItem\",\"position\":2,\"name\":\"Pogoji uporabe\"}]},{\"@type\":\"WebSite\",\"@id\":\"https:\/\/realestate.petramresort.com\/#website\",\"url\":\"https:\/\/realestate.petramresort.com\/\",\"name\":\"Petram Real Estate\",\"description\":\"\",\"publisher\":{\"@id\":\"https:\/\/realestate.petramresort.com\/#organization\"},\"potentialAction\":[{\"@type\":\"SearchAction\",\"target\":{\"@type\":\"EntryPoint\",\"urlTemplate\":\"https:\/\/realestate.petramresort.com\/?s={search_term_string}\"},\"query-input\":{\"@type\":\"PropertyValueSpecification\",\"valueRequired\":true,\"valueName\":\"search_term_string\"}}],\"inLanguage\":\"sl-SI\"},{\"@type\":\"Organization\",\"@id\":\"https:\/\/realestate.petramresort.com\/#organization\",\"name\":\"Petram Resort & Residences\",\"url\":\"https:\/\/realestate.petramresort.com\/\",\"logo\":{\"@type\":\"ImageObject\",\"inLanguage\":\"sl-SI\",\"@id\":\"https:\/\/realestate.petramresort.com\/#\/schema\/logo\/image\/\",\"url\":\"https:\/\/realestate.petramresort.com\/wp-content\/uploads\/2023\/12\/Petram-logo.svg\",\"contentUrl\":\"https:\/\/realestate.petramresort.com\/wp-content\/uploads\/2023\/12\/Petram-logo.svg\",\"width\":1144,\"height\":447,\"caption\":\"Petram Resort & Residences\"},\"image\":{\"@id\":\"https:\/\/realestate.petramresort.com\/#\/schema\/logo\/image\/\"}}]}<\/script>\n<!-- \/ Yoast SEO plugin. -->","yoast_head_json":{"title":"Pogoji uporabe - Petram Real Estate","description":"\u010cISTA VODA PROJEKT d.o.o. Savudrija, Alberi 300, OIB: 10116776883, kao upravitelj objekata koji se objedinjeno nazivaju PETRAM RESORT & RESIDENCES","robots":{"index":"index","follow":"follow","max-snippet":"max-snippet:-1","max-image-preview":"max-image-preview:large","max-video-preview":"max-video-preview:-1"},"canonical":"https:\/\/realestate.petramresort.com\/sl\/terms-conditions\/","og_locale":"sl_SI","og_type":"article","og_title":"Pogoji uporabe - Petram Real Estate","og_description":"\u010cISTA VODA PROJEKT d.o.o. Savudrija, Alberi 300, OIB: 10116776883, kao upravitelj objekata koji se objedinjeno nazivaju PETRAM RESORT & RESIDENCES","og_url":"https:\/\/realestate.petramresort.com\/sl\/terms-conditions\/","og_site_name":"Petram Real Estate","article_modified_time":"2025-01-24T09:37:14+00:00","twitter_card":"summary_large_image","twitter_misc":{"Est. reading time":"7 minut"},"schema":{"@context":"https:\/\/schema.org","@graph":[{"@type":"WebPage","@id":"https:\/\/realestate.petramresort.com\/sl\/terms-conditions\/","url":"https:\/\/realestate.petramresort.com\/sl\/terms-conditions\/","name":"Pogoji uporabe - Petram Real Estate","isPartOf":{"@id":"https:\/\/realestate.petramresort.com\/#website"},"datePublished":"2023-12-12T11:17:44+00:00","dateModified":"2025-01-24T09:37:14+00:00","description":"\u010cISTA VODA PROJEKT d.o.o. Savudrija, Alberi 300, OIB: 10116776883, kao upravitelj objekata koji se objedinjeno nazivaju PETRAM RESORT & RESIDENCES","breadcrumb":{"@id":"https:\/\/realestate.petramresort.com\/sl\/terms-conditions\/#breadcrumb"},"inLanguage":"sl-SI","potentialAction":[{"@type":"ReadAction","target":["https:\/\/realestate.petramresort.com\/sl\/terms-conditions\/"]}]},{"@type":"BreadcrumbList","@id":"https:\/\/realestate.petramresort.com\/sl\/terms-conditions\/#breadcrumb","itemListElement":[{"@type":"ListItem","position":1,"name":"Home","item":"https:\/\/realestate.petramresort.com\/"},{"@type":"ListItem","position":2,"name":"Pogoji uporabe"}]},{"@type":"WebSite","@id":"https:\/\/realestate.petramresort.com\/#website","url":"https:\/\/realestate.petramresort.com\/","name":"Petram Real Estate","description":"","publisher":{"@id":"https:\/\/realestate.petramresort.com\/#organization"},"potentialAction":[{"@type":"SearchAction","target":{"@type":"EntryPoint","urlTemplate":"https:\/\/realestate.petramresort.com\/?s={search_term_string}"},"query-input":{"@type":"PropertyValueSpecification","valueRequired":true,"valueName":"search_term_string"}}],"inLanguage":"sl-SI"},{"@type":"Organization","@id":"https:\/\/realestate.petramresort.com\/#organization","name":"Petram Resort & Residences","url":"https:\/\/realestate.petramresort.com\/","logo":{"@type":"ImageObject","inLanguage":"sl-SI","@id":"https:\/\/realestate.petramresort.com\/#\/schema\/logo\/image\/","url":"https:\/\/realestate.petramresort.com\/wp-content\/uploads\/2023\/12\/Petram-logo.svg","contentUrl":"https:\/\/realestate.petramresort.com\/wp-content\/uploads\/2023\/12\/Petram-logo.svg","width":1144,"height":447,"caption":"Petram Resort & Residences"},"image":{"@id":"https:\/\/realestate.petramresort.com\/#\/schema\/logo\/image\/"}}]}},"_links":{"self":[{"href":"https:\/\/realestate.petramresort.com\/sl\/wp-json\/wp\/v2\/pages\/19486","targetHints":{"allow":["GET"]}}],"collection":[{"href":"https:\/\/realestate.petramresort.com\/sl\/wp-json\/wp\/v2\/pages"}],"about":[{"href":"https:\/\/realestate.petramresort.com\/sl\/wp-json\/wp\/v2\/types\/page"}],"author":[{"embeddable":true,"href":"https:\/\/realestate.petramresort.com\/sl\/wp-json\/wp\/v2\/users\/1"}],"replies":[{"embeddable":true,"href":"https:\/\/realestate.petramresort.com\/sl\/wp-json\/wp\/v2\/comments?post=19486"}],"version-history":[{"count":6,"href":"https:\/\/realestate.petramresort.com\/sl\/wp-json\/wp\/v2\/pages\/19486\/revisions"}],"predecessor-version":[{"id":26168,"href":"https:\/\/realestate.petramresort.com\/sl\/wp-json\/wp\/v2\/pages\/19486\/revisions\/26168"}],"wp:attachment":[{"href":"https:\/\/realestate.petramresort.com\/sl\/wp-json\/wp\/v2\/media?parent=19486"}],"curies":[{"name":"wp","href":"https:\/\/api.w.org\/{rel}","templated":true}]}}