{"id":19487,"date":"2023-12-12T11:17:44","date_gmt":"2023-12-12T11:17:44","guid":{"rendered":"https:\/\/realestate.petramresort.com\/terms-conditions\/"},"modified":"2025-01-24T09:35:11","modified_gmt":"2025-01-24T09:35:11","slug":"terms-conditions","status":"publish","type":"page","link":"https:\/\/realestate.petramresort.com\/sr\/terms-conditions\/","title":{"rendered":"Uslovi kori\u0161\u0107enja"},"content":{"rendered":"\t\t<div data-elementor-type=\"wp-page\" data-elementor-id=\"19487\" class=\"elementor elementor-19487 elementor-5913\" data-elementor-post-type=\"page\">\n\t\t\t\t<div class=\"elementor-element elementor-element-7927fe91 e-con-full header_fullwidth e-flex e-con e-parent\" data-id=\"7927fe91\" data-element_type=\"container\" data-settings=\"{&quot;background_background&quot;:&quot;classic&quot;}\">\n\t\t<div class=\"elementor-element elementor-element-7a21a829 e-con-full e-flex e-con e-child\" data-id=\"7a21a829\" data-element_type=\"container\">\n\t\t\t\t<div data-parallax=\"true\" data-parallax-options=\"{&quot;ease&quot;:[&quot;linear&quot;],&quot;start&quot;:&quot;center center&quot;,&quot;end&quot;:&quot;bottom+=0px top&quot;}\" data-parallax-from=\"{&quot;y&quot;:&quot;0px&quot;,&quot;transformOrigin&quot;:&quot;50% 50% 0px&quot;}\" data-parallax-to=\"{&quot;y&quot;:&quot;-60px&quot;,&quot;transformOrigin&quot;:&quot;50% 50% 0px&quot;}\" data-custom-animations=\"true\" data-ca-options=\"{&quot;addChildTimelines&quot;:false,&quot;trigger&quot;:&quot;firstChild&quot;,&quot;animationTarget&quot;:&quot;.lqd-split-lines .lqd-lines .split-inner, .lqd-adv-txt-fig&quot;,&quot;duration&quot;:300,&quot;delay&quot;:40,&quot;ease&quot;:[&quot;power4.out&quot;],&quot;initValues&quot;:{&quot;x&quot;:&quot;-20px&quot;,&quot;rotationX&quot;:10,&quot;opacity&quot;:0,&quot;transformOrigin&quot;:&quot;50% 50% 0px&quot;},&quot;animations&quot;:{&quot;x&quot;:&quot;0px&quot;,&quot;rotationX&quot;:0,&quot;opacity&quot;:1,&quot;transformOrigin&quot;:&quot;50% 50% 0px&quot;}}\" class=\"elementor-element elementor-element-2a14d961 elementor-widget elementor-widget-hub_fancy_heading lqd-el-has-inner-anim\" data-id=\"2a14d961\" data-element_type=\"widget\" data-settings=\"{&quot;enable_split&quot;:&quot;true&quot;,&quot;split_type&quot;:&quot;lines&quot;}\" data-widget_type=\"hub_fancy_heading.default\">\n\t\t\t\t<div class=\"elementor-widget-container\">\n\t\t\t\t\t\n\t\t<div id=\"ld-fancy-heading-69e31bf396bb6\" class=\"ld-fancy-heading pos-rel\">\n\t\t\t<h2 class=\"ld-fh-element d-inline-block pos-rel  elementor-heading-title lqd-highlight-classic lqd-highlight-grow-left lqd-split-lines h2\"  data-split-text=\"true\" data-split-options='{\"type\":\"lines\"}'> Uslovi kori\u0161\u0107enja<\/h2>\t\t<\/div>\n\n\t\t\t\t\t\t<\/div>\n\t\t\t\t<\/div>\n\t\t\t\t<\/div>\n\t\t\t\t<\/div>\n\t\t<div class=\"elementor-element elementor-element-ea90b4e e-flex e-con-boxed e-con e-parent\" data-id=\"ea90b4e\" data-element_type=\"container\">\n\t\t\t\t\t<div class=\"e-con-inner\">\n\t\t\t\t<div class=\"elementor-element elementor-element-f44d8d2 elementor-widget elementor-widget-text-editor\" data-id=\"f44d8d2\" data-element_type=\"widget\" data-widget_type=\"text-editor.default\">\n\t\t\t\t<div class=\"elementor-widget-container\">\n\t\t\t\t\t\t\t\t\t<p>\u010cISTA VODA PROJEKT d.o.o. Savudrija, Alberi 300, OIB: 10116776883, kao upravitelj objekata kolektivno poznatih kao PETRAM RESORT &amp; RESIDENCES (upravitelj objekata i objekti se u daljnjem tekstu zajedni\u010dki nazivaju: PETRAM RESORT &amp; RESIDENCES), posve\u0107en je za\u0161titi i po\u0161tovanju va\u0161e privatnosti. Va\u0161e osobne podatke \u0107emo koristiti isklju\u010divo u svrhu pru\u017eanja proizvoda i usluga koje ste zatra\u017eili.<\/p><p>PETRAM RESORT &amp; RESIDENCES omogu\u0107uje pristup informacijama i uslugama na web stranici <a href=\"https:\/\/realestate.petramresort.com\/\">www.petramresort.com<\/a> (&#8222;Web stranica&#8220;), pod uslovima i odredbama koje slede. Pristup i bilo kakvo kori\u0161\u0107enje ove web stranice podrazumeva izri\u010dito i bezuslovno prihvatanje ovih uslova i odredbi.<\/p><p>Ako se ne sla\u017eete s ovim uslovima i odredbama, molimo vas da ne koristite web stranicu.<\/p><p>PETRAM RESORT &amp; RESIDENCES zadr\u017eava pravo, prema vlastitom naho\u0111enju, da menja, modifikuje, dodaje ili uklanja bilo koji od ovih uslova i odredbi ili bilo koju informaciju sadr\u017eanu na web stranici u bilo kojem trenutku, bez prethodne obavesti. Osim ako nije druga\u010dije nazna\u010deno, takve promene stupaju na snagu odmah po objavljivanju izmena na web stranici. Stoga vas molimo da povremeno proverite web stranicu zbog takvih izmena. Dalje kori\u0161\u0107enje web stranice zna\u010di da prihvatate izmenjene uslove i odredbe.<\/p><p><strong>SADR\u017dAJ SAJTA<\/strong><\/p><p>Informacije koje PETRAM RESORT &amp; RESIDENCES objavljuje na sajtu smatraju se ta\u010dnim i pouzdanim u trenutku njihovog unosa.<\/p><p>Me\u0111utim, PETRAM RESORT &amp; RESIDENCES upozorava da postoji mogu\u0107nost odstupanja u ta\u010dnosti, istinitosti ili pouzdanosti bilo kojih podataka koji su dostupni na sajtu u trenutku kada korisnik pristupa sajtu.<\/p><p>Informacije dostupne na sajtu ne treba smatrati osnovom za dono\u0161enje va\u017enih li\u010dnih ili poslovnih odluka, i kori\u0161\u0107enjem sajta sla\u017eete se da PETRAM RESORT &amp; RESIDENCES ne\u0107e biti odgovoran za bilo kakvo neusagla\u0161avanje sa va\u0161im o\u010dekivanjima.<\/p><p>PETRAM RESORT &amp; RESIDENCES mo\u017ee u bilo kom trenutku, bez prethodnog obave\u0161tenja, a\u017eurirati ili promeniti informacije na sajtu.<\/p><p>PETRAM RESORT &amp; RESIDENCES se potpuno odri\u010de odgovornosti koja mo\u017ee nastati na bilo koji na\u010din, ili koja je u bilo kojem smislu povezana sa kori\u0161\u0107enjem ovog sajta, za bilo kakve radnje korisnika kori\u0161\u0107enjem ili zloupotrebom sadr\u017eaja sajta, kao i za bilo koju \u0161tetu koja mo\u017ee nastati korisniku ili bilo kojoj tre\u0107oj strani u vezi sa kori\u0161\u0107enjem ili zloupotrebom sadr\u017eaja ovog sajta.<\/p><p><strong>USLUGE REZERVACIJE<\/strong><\/p><p>Usluge rezervacije putem sajta dostupne su samo osobama koje su punoletne i koje mogu sklapati zakonski obavezuju\u0107e ugovore prema va\u017ee\u0107em zakonodavstvu.<\/p><p>Kori\u0161\u0107enjem sajta garantujete da ste ovla\u0161\u0107eni da vr\u0161ite rezervacije za sebe ili za drugu osobu za koju ste ovla\u0161\u0107eni da delujete. Sla\u017eete se da \u0107ete biti finansijski odgovorni za rezervacije koje izvr\u0161ite koriste\u0107i sajt. Istovremeno, vr\u0161enjem rezervacije garantujete da su svi podaci koje ste naveli prilikom kori\u0161\u0107enja sajta ta\u010dni i ispravni.<\/p><p><strong>NEOVLA\u0160\u0106ENA UPOTREBA I ZABRANJENE RADNJE<\/strong><\/p><p>Nije dozvoljeno koristiti sajt za nelegalne svrhe ili za neovla\u0161\u0107enu upotrebu, a korisnik je isklju\u010divo odgovoran za posledice takve upotrebe.<\/p><p>Zabranjeno pona\u0161anje uklju\u010duje, ali nije ograni\u010deno na:<\/p><p>\u2022 kori\u0161\u0107enje bilo kog ure\u0111aja, softvera ili rutine za pra\u0107enje, kopiranje, ometanje, modifikovanje, uni\u0161tavanje, o\u0161te\u0107ivanje, ograni\u010davanje, manipulisanje, ometanje ili poku\u0161aj ometanja sajta, njegovog sadr\u017eaja ili njegovog rada, bez prethodnog eksplicitnog pismenog pristanka PETRAM RESORT &amp; RESIDENCES;<\/p><p>\u2022 kori\u0161\u0107enje bilo kog robota, \u201cspajdera\u201d, automatskog ure\u0111aja ili automatskog ili manuelnog procesa za pra\u0107enje ili kopiranje sajta ili bilo kojih informacija koje se na njemu nalaze, bez prethodnog eksplicitnog pismenog pristanka PETRAM RESORT &amp; RESIDENCES;<\/p><p>\u2022 kori\u0161\u0107enje bilo kakvih ra\u010dunarskih virusa, \u201ccrva\u201d, \u201ctajming bombi\u201d i\/ili drugih ra\u010dunarskih programskih rutina koje o\u0161te\u0107uju, presre\u0107u, ometaju ili uni\u0161tavaju (ili su namenjene da u\u010dine bilo \u0161ta od navedenog) ispravan rad sajta;<\/p><p>\u2022 kori\u0161\u0107enje sajta na bilo koji prete\u0107i, klevetni\u010dki, nepristojni, pornografski, diskriminatorni ili na drugi na\u010din uvredljiv na\u010din;<\/p><p>\u2022 sav sadr\u017eaj objavljen na sajtu ne sme se distribuirati ili na bilo koji na\u010din koristiti u komercijalne svrhe bez eksplicitnog pisanog pristanka PETRAM RESORT &amp; RESIDENCES ili na bilo koji na\u010din koji bi mogao izazvati \u0161tetu PETRAM RESORT &amp; RESIDENCES ili bilo kojoj tre\u0107oj strani;<\/p><p>\u2022 dokumenti, podaci, fotografije i informacije objavljene na sajtu mogu se koristiti samo za li\u010dne potrebe korisnika uz po\u0161tovanje svih autorskih prava i srodnih prava i prava tre\u0107ih strana u skladu sa zakonskim propisima Republike Hrvatske;<\/p><p>\u2022 reprodukcija, umno\u017eavanje ili distribucija dizajna sajta PETRAM RESORT &amp; RESIDENCES ili pozadine, pojedina\u010dnih elemenata sajta i dizajna logotipa bez eksplicitne pismene dozvole PETRAM RESORT &amp; RESIDENCES je zabranjena. Osim u slu\u010daju druga\u010dijeg dogovora, dokumenti, podaci i informacije objavljene na sajtu mogu se koristiti samo u li\u010dne svrhe, uz po\u0161tovanje svih autorskih i vlasni\u010dkih prava i prava tre\u0107ih strana;<\/p><p>\u2022 pona\u0161anje koje kr\u0161i bilo koji va\u017ee\u0107i zakon.<\/p><p><strong>INTELEKTUALNA SVOJINA<\/strong><\/p><p>Sva autorska prava i druga prava intelektualne svojine na svim tekstovima, slikama, zvuku, softveru i drugim materijalima sadr\u017eanim na sajtu su vlasni\u0161tvo PETRAM RESORT &amp; RESIDENCES ili su uklju\u010deni ili objavljeni uz dozvolu odgovaraju\u0107eg vlasnika ili osobe koja ima pravo na takva prava. Ne smete kopirati, reprodukovati, modifikovati, javno komunicirati, transformisati ili distribuirati, na bilo koji na\u010din i u bilo kojem obliku, sve ili deo materijala uklju\u010denih na sajtu, ako PETRAM RESORT &amp; RESIDENCES, ili, prema potrebi, korisnik tih prava, nije dao izri\u010ditu prethodnu dozvolu u pisanju.<\/p><p><strong>POLITIKA PRIVATNOSTI<\/strong><\/p><p>Za potpuni pregled politike privatnosti PETRAM RESORT &amp; RESIDENCES, molimo vas da kliknete <a href=\"\/privacy-policy\/\">ovde<\/a>.<\/p><p><strong>POLITIKA KOLA\u010cI\u0106A<\/strong><\/p><p>Na\u0161 sajt koristi tzv. kola\u010di\u0107e \u2013 tekstualne datoteke koje na korisni\u010dkom ra\u010dunaru postavlja internet server, putem kojih provajder usluga internet pristupa (ISP) prikazuje sajt.<\/p><p>Kola\u010di\u0107i se kreiraju kada pregleda\u010d na korisni\u010dkom ure\u0111aju u\u010dita pose\u0107eni veb sajt, koji zatim \u0161alje podatke pregleda\u010du i kreira tekstualnu datoteku (kola\u010di\u0107). Pregleda\u010d povla\u010di i \u0161alje kola\u010di\u0107 serveru sajta kada se korisnik ponovo vrati na sajt.<\/p><p>Za vi\u0161e informacija o kola\u010di\u0107ima, molimo vas da kliknete <a href=\"\/cookie-policy\/\">ovde<\/a>.<\/p><p><strong>PRIMENJIVO PRAVO<\/strong><\/p><p>Ovim prihvatate i podvrgavate se hrvatskom materijalnom pravu kao isklju\u010divo primenjivom za tuma\u010denje, primenu i pravne posledice svih dozvola, isklju\u010denja i uslova kori\u0161\u0107enja ovog sajta. Sudovi u Republici Hrvatskoj su isklju\u010divo nadle\u017eni za sve eventualne zahteve i sporove koji mogu nastati usled kori\u0161\u0107enja sajta ili u vezi s njim.<\/p><p>PETRAM RESORT &amp; RESIDENCES ne garantuje da su materijali sadr\u017eani na ovom sajtu prikladni ili dostupni korisnicima u odre\u0111enim lokacijama, tj. nije odgovoran za pristupe ostvarene sa teritorija zemalja u kojima se sadr\u017eaj sajta smatra zabranjenim. Smatra\u0107e se da je pristup sajtu sa tih lokacija izvr\u0161en dobrovoljno, na odgovornost korisnika u skladu sa primenjivim zakonom.<\/p><p><strong>PRIMENJIVE PRAVNE ODREDBE<\/strong><\/p><p>Ako neki deo ovih uslova bude progla\u0161en neva\u017ee\u0107im na osnovu relevantnih zakona, taj deo \u0107e biti uklonjen, bez uticaja na ostale uslove.<\/p>\t\t\t\t\t\t\t\t<\/div>\n\t\t\t\t<\/div>\n\t\t\t\t\t<\/div>\n\t\t\t\t<\/div>\n\t\t<div class=\"elementor-element elementor-element-3b1d053 transp_el elementor-hidden-desktop elementor-hidden-tablet elementor-hidden-mobile e-flex e-con-boxed e-con e-parent\" data-id=\"3b1d053\" data-element_type=\"container\" data-settings=\"{&quot;background_background&quot;:&quot;classic&quot;}\">\n\t\t\t\t\t<div class=\"e-con-inner\">\n\t\t<div class=\"elementor-element elementor-element-d82a662 e-con-full e-flex e-con e-child\" data-id=\"d82a662\" data-element_type=\"container\" data-settings=\"{&quot;background_background&quot;:&quot;classic&quot;}\">\n\t\t\t\t<div data-custom-animations=\"true\" data-ca-options=\"{&quot;addChildTimelines&quot;:false,&quot;trigger&quot;:&quot;firstChild&quot;,&quot;animationTarget&quot;:&quot;:scope &gt; .elementor-widget-container&quot;,&quot;duration&quot;:200,&quot;delay&quot;:20,&quot;ease&quot;:&quot;circ.out&quot;,&quot;initValues&quot;:{&quot;x&quot;:&quot;-10px&quot;,&quot;y&quot;:&quot;30px&quot;,&quot;rotationX&quot;:10,&quot;opacity&quot;:0,&quot;transformOrigin&quot;:&quot;50% 50% 0px&quot;},&quot;animations&quot;:{&quot;x&quot;:&quot;0px&quot;,&quot;y&quot;:&quot;0px&quot;,&quot;rotationX&quot;:0,&quot;opacity&quot;:1,&quot;transformOrigin&quot;:&quot;50% 50% 0px&quot;}}\" class=\"elementor-element elementor-element-2f71319 elementor-widget__width-inherit elementor-widget-mobile__width-inherit elementor-widget elementor-widget-hub_fancy_heading\" data-id=\"2f71319\" data-element_type=\"widget\" data-widget_type=\"hub_fancy_heading.default\">\n\t\t\t\t<div class=\"elementor-widget-container\">\n\t\t\t\t\t\n\t\t<div id=\"ld-fancy-heading-69e31bf39807f\" class=\"ld-fancy-heading pos-rel\">\n\t\t\t<h3 class=\"ld-fh-element d-inline-block pos-rel  elementor-heading-title lqd-highlight-classic lqd-highlight-grow-left h3\"  > Iskusite autenti\u010dnost Istre i aktivno odmarajte<\/h3>\t\t<\/div>\n\n\t\t\t\t\t\t<\/div>\n\t\t\t\t<\/div>\n\t\t\t\t<div class=\"elementor-element elementor-element-e7f1782 elementor-widget elementor-widget-text-editor\" data-id=\"e7f1782\" data-element_type=\"widget\" data-widget_type=\"text-editor.default\">\n\t\t\t\t<div class=\"elementor-widget-container\">\n\t\t\t\t\t\t\t\t\t<p>Toliko je toga za okusiti i iskusiti u Istri! Mo\u017eete do\u0107i od sezone \u0161paroga u prolje\u0107e do sezone tartufa najesen. Za ljetnih mjeseci ili kad se za\u017eelite mira, ti\u0161ine i savr\u0161enog gastronomskog iskustva.<\/p><p>Trening i rekreacija u Petramu nisu obaveza ve\u0107 jo\u0161 jedno zadovoljstvo!<\/p><p>U neposrednoj blizini Petram Resort &amp; Residences nalazi se prvo istarsko golf igrali\u0161te s 18 rupa na kojem \u0107e u\u017eivati i najzahtjevniji golferi, a dostupni su vam i teniski tereni, satovi yoge i najam bicikla za istra\u017eivanje prekrasne prirode koja nas okru\u017euje.<\/p>\t\t\t\t\t\t\t\t<\/div>\n\t\t\t\t<\/div>\n\t\t\t\t<\/div>\n\t\t\t\t\t<\/div>\n\t\t\t\t<\/div>\n\t\t\t\t<\/div>\n\t\t","protected":false},"excerpt":{"rendered":"<p>Uslovi kori\u0161\u0107enja \u010cISTA VODA PROJEKT d.o.o. Savudrija, Alberi 300, OIB: 10116776883, kao upravitelj objekata kolektivno poznatih kao PETRAM RESORT &amp; RESIDENCES (upravitelj objekata i objekti se u daljnjem tekstu zajedni\u010dki nazivaju: PETRAM RESORT &amp; RESIDENCES), posve\u0107en je za\u0161titi i po\u0161tovanju va\u0161e privatnosti. Va\u0161e osobne podatke \u0107emo koristiti isklju\u010divo u svrhu pru\u017eanja proizvoda i usluga koje [&hellip;]<\/p>\n","protected":false},"author":1,"featured_media":0,"parent":0,"menu_order":0,"comment_status":"closed","ping_status":"closed","template":"","meta":{"_acf_changed":false,"footnotes":""},"class_list":["post-19487","page","type-page","status-publish","hentry"],"acf":[],"yoast_head":"<!-- This site is optimized with the Yoast SEO plugin v26.8 - https:\/\/yoast.com\/product\/yoast-seo-wordpress\/ -->\n<title>Uslovi kori\u0161\u0107enja - Petram Real Estate<\/title>\n<meta name=\"description\" content=\"\u010cISTA VODA PROJEKT d.o.o. Savudrija, Alberi 300, OIB: 10116776883, kao upravitelj objekata koji se objedinjeno nazivaju PETRAM RESORT &amp; RESIDENCES\" \/>\n<meta name=\"robots\" content=\"index, follow, max-snippet:-1, max-image-preview:large, max-video-preview:-1\" \/>\n<link rel=\"canonical\" href=\"https:\/\/realestate.petramresort.com\/terms-conditions\/\" \/>\n<meta property=\"og:locale\" content=\"sr_RS\" \/>\n<meta property=\"og:type\" content=\"article\" \/>\n<meta property=\"og:title\" content=\"Uslovi kori\u0161\u0107enja - Petram Real Estate\" \/>\n<meta property=\"og:description\" content=\"\u010cISTA VODA PROJEKT d.o.o. Savudrija, Alberi 300, OIB: 10116776883, kao upravitelj objekata koji se objedinjeno nazivaju PETRAM RESORT &amp; RESIDENCES\" \/>\n<meta property=\"og:url\" content=\"https:\/\/realestate.petramresort.com\/terms-conditions\/\" \/>\n<meta property=\"og:site_name\" content=\"Petram Real Estate\" \/>\n<meta property=\"article:modified_time\" content=\"2025-01-24T09:35:11+00:00\" \/>\n<meta name=\"twitter:card\" content=\"summary_large_image\" \/>\n<meta name=\"twitter:label1\" content=\"\u041f\u0440\u043e\u0446\u0435\u045a\u0435\u043d\u043e \u0432\u0440\u0435\u043c\u0435 \u0447\u0438\u0442\u0430\u045a\u0430\" \/>\n\t<meta name=\"twitter:data1\" content=\"7 \u043c\u0438\u043d\u0443\u0442\u0430\" \/>\n<script type=\"application\/ld+json\" class=\"yoast-schema-graph\">{\"@context\":\"https:\/\/schema.org\",\"@graph\":[{\"@type\":\"WebPage\",\"@id\":\"https:\/\/realestate.petramresort.com\/terms-conditions\/\",\"url\":\"https:\/\/realestate.petramresort.com\/terms-conditions\/\",\"name\":\"Uslovi kori\u0161\u0107enja - Petram Real Estate\",\"isPartOf\":{\"@id\":\"https:\/\/realestate.petramresort.com\/#website\"},\"datePublished\":\"2023-12-12T11:17:44+00:00\",\"dateModified\":\"2025-01-24T09:35:11+00:00\",\"description\":\"\u010cISTA VODA PROJEKT d.o.o. Savudrija, Alberi 300, OIB: 10116776883, kao upravitelj objekata koji se objedinjeno nazivaju PETRAM RESORT & RESIDENCES\",\"breadcrumb\":{\"@id\":\"https:\/\/realestate.petramresort.com\/terms-conditions\/#breadcrumb\"},\"inLanguage\":\"sr-RS\",\"potentialAction\":[{\"@type\":\"ReadAction\",\"target\":[\"https:\/\/realestate.petramresort.com\/terms-conditions\/\"]}]},{\"@type\":\"BreadcrumbList\",\"@id\":\"https:\/\/realestate.petramresort.com\/terms-conditions\/#breadcrumb\",\"itemListElement\":[{\"@type\":\"ListItem\",\"position\":1,\"name\":\"Home\",\"item\":\"https:\/\/realestate.petramresort.com\/\"},{\"@type\":\"ListItem\",\"position\":2,\"name\":\"Uslovi kori\u0161\u0107enja\"}]},{\"@type\":\"WebSite\",\"@id\":\"https:\/\/realestate.petramresort.com\/#website\",\"url\":\"https:\/\/realestate.petramresort.com\/\",\"name\":\"Petram Real Estate\",\"description\":\"\",\"publisher\":{\"@id\":\"https:\/\/realestate.petramresort.com\/#organization\"},\"potentialAction\":[{\"@type\":\"SearchAction\",\"target\":{\"@type\":\"EntryPoint\",\"urlTemplate\":\"https:\/\/realestate.petramresort.com\/?s={search_term_string}\"},\"query-input\":{\"@type\":\"PropertyValueSpecification\",\"valueRequired\":true,\"valueName\":\"search_term_string\"}}],\"inLanguage\":\"sr-RS\"},{\"@type\":\"Organization\",\"@id\":\"https:\/\/realestate.petramresort.com\/#organization\",\"name\":\"Petram Resort & Residences\",\"url\":\"https:\/\/realestate.petramresort.com\/\",\"logo\":{\"@type\":\"ImageObject\",\"inLanguage\":\"sr-RS\",\"@id\":\"https:\/\/realestate.petramresort.com\/#\/schema\/logo\/image\/\",\"url\":\"https:\/\/realestate.petramresort.com\/wp-content\/uploads\/2023\/12\/Petram-logo.svg\",\"contentUrl\":\"https:\/\/realestate.petramresort.com\/wp-content\/uploads\/2023\/12\/Petram-logo.svg\",\"width\":1144,\"height\":447,\"caption\":\"Petram Resort & Residences\"},\"image\":{\"@id\":\"https:\/\/realestate.petramresort.com\/#\/schema\/logo\/image\/\"}}]}<\/script>\n<!-- \/ Yoast SEO plugin. -->","yoast_head_json":{"title":"Uslovi kori\u0161\u0107enja - Petram Real Estate","description":"\u010cISTA VODA PROJEKT d.o.o. Savudrija, Alberi 300, OIB: 10116776883, kao upravitelj objekata koji se objedinjeno nazivaju PETRAM RESORT & RESIDENCES","robots":{"index":"index","follow":"follow","max-snippet":"max-snippet:-1","max-image-preview":"max-image-preview:large","max-video-preview":"max-video-preview:-1"},"canonical":"https:\/\/realestate.petramresort.com\/terms-conditions\/","og_locale":"sr_RS","og_type":"article","og_title":"Uslovi kori\u0161\u0107enja - Petram Real Estate","og_description":"\u010cISTA VODA PROJEKT d.o.o. Savudrija, Alberi 300, OIB: 10116776883, kao upravitelj objekata koji se objedinjeno nazivaju PETRAM RESORT & RESIDENCES","og_url":"https:\/\/realestate.petramresort.com\/terms-conditions\/","og_site_name":"Petram Real Estate","article_modified_time":"2025-01-24T09:35:11+00:00","twitter_card":"summary_large_image","twitter_misc":{"\u041f\u0440\u043e\u0446\u0435\u045a\u0435\u043d\u043e \u0432\u0440\u0435\u043c\u0435 \u0447\u0438\u0442\u0430\u045a\u0430":"7 \u043c\u0438\u043d\u0443\u0442\u0430"},"schema":{"@context":"https:\/\/schema.org","@graph":[{"@type":"WebPage","@id":"https:\/\/realestate.petramresort.com\/terms-conditions\/","url":"https:\/\/realestate.petramresort.com\/terms-conditions\/","name":"Uslovi kori\u0161\u0107enja - Petram Real Estate","isPartOf":{"@id":"https:\/\/realestate.petramresort.com\/#website"},"datePublished":"2023-12-12T11:17:44+00:00","dateModified":"2025-01-24T09:35:11+00:00","description":"\u010cISTA VODA PROJEKT d.o.o. Savudrija, Alberi 300, OIB: 10116776883, kao upravitelj objekata koji se objedinjeno nazivaju PETRAM RESORT & RESIDENCES","breadcrumb":{"@id":"https:\/\/realestate.petramresort.com\/terms-conditions\/#breadcrumb"},"inLanguage":"sr-RS","potentialAction":[{"@type":"ReadAction","target":["https:\/\/realestate.petramresort.com\/terms-conditions\/"]}]},{"@type":"BreadcrumbList","@id":"https:\/\/realestate.petramresort.com\/terms-conditions\/#breadcrumb","itemListElement":[{"@type":"ListItem","position":1,"name":"Home","item":"https:\/\/realestate.petramresort.com\/"},{"@type":"ListItem","position":2,"name":"Uslovi kori\u0161\u0107enja"}]},{"@type":"WebSite","@id":"https:\/\/realestate.petramresort.com\/#website","url":"https:\/\/realestate.petramresort.com\/","name":"Petram Real Estate","description":"","publisher":{"@id":"https:\/\/realestate.petramresort.com\/#organization"},"potentialAction":[{"@type":"SearchAction","target":{"@type":"EntryPoint","urlTemplate":"https:\/\/realestate.petramresort.com\/?s={search_term_string}"},"query-input":{"@type":"PropertyValueSpecification","valueRequired":true,"valueName":"search_term_string"}}],"inLanguage":"sr-RS"},{"@type":"Organization","@id":"https:\/\/realestate.petramresort.com\/#organization","name":"Petram Resort & Residences","url":"https:\/\/realestate.petramresort.com\/","logo":{"@type":"ImageObject","inLanguage":"sr-RS","@id":"https:\/\/realestate.petramresort.com\/#\/schema\/logo\/image\/","url":"https:\/\/realestate.petramresort.com\/wp-content\/uploads\/2023\/12\/Petram-logo.svg","contentUrl":"https:\/\/realestate.petramresort.com\/wp-content\/uploads\/2023\/12\/Petram-logo.svg","width":1144,"height":447,"caption":"Petram Resort & Residences"},"image":{"@id":"https:\/\/realestate.petramresort.com\/#\/schema\/logo\/image\/"}}]}},"_links":{"self":[{"href":"https:\/\/realestate.petramresort.com\/sr\/wp-json\/wp\/v2\/pages\/19487","targetHints":{"allow":["GET"]}}],"collection":[{"href":"https:\/\/realestate.petramresort.com\/sr\/wp-json\/wp\/v2\/pages"}],"about":[{"href":"https:\/\/realestate.petramresort.com\/sr\/wp-json\/wp\/v2\/types\/page"}],"author":[{"embeddable":true,"href":"https:\/\/realestate.petramresort.com\/sr\/wp-json\/wp\/v2\/users\/1"}],"replies":[{"embeddable":true,"href":"https:\/\/realestate.petramresort.com\/sr\/wp-json\/wp\/v2\/comments?post=19487"}],"version-history":[{"count":6,"href":"https:\/\/realestate.petramresort.com\/sr\/wp-json\/wp\/v2\/pages\/19487\/revisions"}],"predecessor-version":[{"id":26165,"href":"https:\/\/realestate.petramresort.com\/sr\/wp-json\/wp\/v2\/pages\/19487\/revisions\/26165"}],"wp:attachment":[{"href":"https:\/\/realestate.petramresort.com\/sr\/wp-json\/wp\/v2\/media?parent=19487"}],"curies":[{"name":"wp","href":"https:\/\/api.w.org\/{rel}","templated":true}]}}